{"id":1348,"date":"2022-10-27T20:08:01","date_gmt":"2022-10-27T17:08:01","guid":{"rendered":"https:\/\/angerjad.ee\/?page_id=1348"},"modified":"2022-10-28T00:46:22","modified_gmt":"2022-10-27T21:46:22","slug":"angerjas","status":"publish","type":"page","link":"https:\/\/angerjad.ee\/et\/angerjas\/","title":{"rendered":"Angerjas"},"content":{"rendered":"\n<p class=\"has-text-align-left\">Angerjas on maailma \u00fcks salap\u00e4rasemaid kalu, kelle kohta teatakse veel v\u00e4ga v\u00e4he. Angerja paljunemist tehistingimustes ei ole t\u00e4naseni edukalt suudetud l\u00e4bi viia. Tema t\u00e4psed koelmualad ning noorangerjate eluts\u00fckkel on senini m\u00f5nev\u00f5rra m\u00fcstiline &#8211; teadmata on, mis sunnib angerjat j\u00f5gesid pidi \u00fclesvoolu ujuma, kuidas nad osutuvad isasteks &nbsp;v\u00f5i emasteks isenditeks v\u00f5i kuidas nad oskavad p\u00f6\u00f6rduda tagasi oma s\u00fcnnikohta?<\/p>\n\n\n\n<p class=\"has-text-align-left\">Angerjat tuntakse kui v\u00e4\u00e4rtuslikku ja \u00fcle maailma hinnatud delikatesskala, mis on \u00fchtlasi lisatud Rahvusvahelise Looduskaitseliidu (UGN) nimekirja kriitiliselt ohustatud liigina.<\/p>\n\n\n\n<p class=\"has-text-align-left\">Angerjavarud maailmas on kiiresti v\u00e4henenud. Alates 2000. aastatest on maailma angerjavarud 1\u20135% sellest tasemest, mis oli enne 1980. aastaid. Varude v\u00e4henemise p\u00f5hjuseid v\u00f5ib olla mitu, kuid tavaliselt on tegu mitme teguri koosm\u00f5juga (nt sobivate elupaikade v\u00e4henemine, takistused r\u00e4ndel (h\u00fcdroelektrijaamad, tammid), muutused ookeani oludes, \u00fclep\u00fc\u00fck, veekogude saastatus, parasiidid (Anguillicoloides crassus).<\/p>\n\n\n\n<div class=\"wp-block-group alignwide\"><div class=\"wp-block-group__inner-container is-layout-flow wp-block-group-is-layout-flow\">\n<div class=\"wp-block-columns is-layout-flex wp-container-core-columns-is-layout-1 wp-block-columns-is-layout-flex\">\n<div class=\"wp-block-column is-layout-flow wp-block-column-is-layout-flow\" style=\"flex-basis:100%\">\n<p><\/p>\n\n\n\n<p><\/p>\n\n\n\n<div class=\"wp-block-group\"><div class=\"wp-block-group__inner-container is-layout-flow wp-block-group-is-layout-flow\">\n<h3 class=\"wp-block-heading\">              Milles seisneb angerja kasulikkus?<\/h3>\n\n\n\n<p><\/p>\n\n\n\n<p>                     <strong>Angerjas sisaldab hulga erinevaid kasulikke vitamiine, mineraale ja rasvhappeid:<\/strong><\/p>\n\n\n\n<p><\/p>\n<\/div><\/div>\n<\/div>\n<\/div>\n<\/div><\/div>\n\n\n\n<div class=\"wp-block-group\"><div class=\"wp-block-group__inner-container is-layout-flow wp-block-group-is-layout-flow\">\n<div class=\"wp-block-columns is-layout-flex wp-container-core-columns-is-layout-2 wp-block-columns-is-layout-flex\">\n<div class=\"wp-block-column is-layout-flow wp-block-column-is-layout-flow\" style=\"flex-basis:100%\">\n<header class=\"wp-block-group alignwide\"><div class=\"wp-block-group__inner-container is-layout-flow wp-block-group-is-layout-flow\">\n<blockquote class=\"wp-block-quote is-style-default is-layout-flow wp-block-quote-is-layout-flow\"><p>A-vitamiin (retinooli) parandab n\u00e4gemist, naha ja juuste seisundit. Selle komponendi olemasolu toidus aeglustab vananemisprotsessi.<\/p><p>E-vitamiin (tokoferool) osaleb peaaegu k\u00f5igis biokeemilistes protsessides, sealhulgas oluliste hormoonide s\u00fcnteesis.<\/p><p>B-vitamiinide r\u00fchm on angerjamaalihas peaaegu t\u00e4ielikult olemas. Nendel vitamiinidel on kasulik m\u00f5ju n\u00e4rvis\u00fcsteemile ja paljudele teistele organitele.<\/p><p>D-vitamiin vastutab teadaolevalt luude ja hammaste tugevuse eest, mis on eriti oluline laste kasvavale kehale.<\/p><p>Mineraalelemente nagu koobalt, vask, tsink, raud, mangaan, kaltsium ja mitmeid teisi v\u00e4\u00e4rtuslike mineraale Mendelejevi tabelist leidub angerjalihas tohututes kogustes.<\/p><p>Oomega rasvhappeid, mis on eriti tervislikud. Nad m\u00e4ngivad olulist rolli n\u00e4rvis\u00fcsteemi kujunemisel, stimuleerivad oluliste hormoonide tootmist ja takistavad naha vananemist. Kasulikuks teeb angerjaliha k\u00fcllastunud rasvhapete sisaldus, ilma nendeta on inimorganismi elutegevus v\u00f5imatu.<\/p><p>Aminohapped ja asendamatud aminohapped reguleerivad olulisi protsesse organismis, sealhulgas hormoonide s\u00fcnteesi.<\/p><p>Askorbiinhape, mida leidub v\u00e4ikeses koguses, tugevdab immuuns\u00fcsteemi kaitsev\u00f5imet.<\/p><p><\/p><cite> Lisaks eelnimetatud komponentidele sisaldab angerjaliha tuhka ja kasulikku kolesterooli, mis on vajalik aju ja n\u00e4rvis\u00fcsteemi normaalseks toimimiseks. <\/cite><\/blockquote>\n<\/div><\/header>\n<\/div>\n<\/div>\n<\/div><\/div>\n\n\n\n<p><\/p>\n\n\n\n<p><strong>Arstide s\u00f5nul v\u00f5ib selle kala s\u00fcstemaatiline kasutamine toidus \u00e4ra hoida mitmeid haigusi. Eelk\u00f5ige on angerja lisamine toidulauale n\u00e4gemise kaotuse, kasvajahaiguste ja varajase vananemise ennetamine.<\/strong><\/p>\n","protected":false},"excerpt":{"rendered":"<p>Angerjas on maailma \u00fcks salap\u00e4rasemaid kalu, kelle kohta teatakse veel v\u00e4ga v\u00e4he. Angerja paljunemist tehistingimustes ei ole t\u00e4naseni edukalt suudetud l\u00e4bi viia. Tema t\u00e4psed koelmualad ning noorangerjate eluts\u00fckkel on senini m\u00f5nev\u00f5rra m\u00fcstiline &#8211; teadmata on, mis sunnib angerjat j\u00f5gesid pidi \u00fclesvoolu ujuma, kuidas nad osutuvad isasteks &nbsp;v\u00f5i emasteks isenditeks v\u00f5i kuidas nad oskavad p\u00f6\u00f6rduda tagasi &hellip;<\/p>\n<p class=\"read-more\"> <a class=\"\" href=\"https:\/\/angerjad.ee\/et\/angerjas\/\"> <span class=\"screen-reader-text\">Angerjas<\/span> Read More &raquo;<\/a><\/p>\n","protected":false},"author":89,"featured_media":0,"parent":0,"menu_order":0,"comment_status":"closed","ping_status":"closed","template":"","meta":{"footnotes":""},"yoast_head":"<!-- This site is optimized with the Yoast SEO plugin v19.9 - https:\/\/yoast.com\/wordpress\/plugins\/seo\/ -->\n<title>Angerjas - Viiratsi Angerjafarm<\/title>\n<meta name=\"robots\" content=\"index, follow, max-snippet:-1, max-image-preview:large, max-video-preview:-1\" \/>\n<link rel=\"canonical\" href=\"https:\/\/angerjad.ee\/et\/angerjas\/\" \/>\n<meta property=\"og:locale\" content=\"et_EE\" \/>\n<meta property=\"og:type\" content=\"article\" \/>\n<meta property=\"og:title\" content=\"Angerjas - Viiratsi Angerjafarm\" \/>\n<meta property=\"og:description\" content=\"Angerjas on maailma \u00fcks salap\u00e4rasemaid kalu, kelle kohta teatakse veel v\u00e4ga v\u00e4he. Angerja paljunemist tehistingimustes ei ole t\u00e4naseni edukalt suudetud l\u00e4bi viia. Tema t\u00e4psed koelmualad ning noorangerjate eluts\u00fckkel on senini m\u00f5nev\u00f5rra m\u00fcstiline &#8211; teadmata on, mis sunnib angerjat j\u00f5gesid pidi \u00fclesvoolu ujuma, kuidas nad osutuvad isasteks &nbsp;v\u00f5i emasteks isenditeks v\u00f5i kuidas nad oskavad p\u00f6\u00f6rduda tagasi &hellip; Angerjas Read More &raquo;\" \/>\n<meta property=\"og:url\" content=\"https:\/\/angerjad.ee\/et\/angerjas\/\" \/>\n<meta property=\"og:site_name\" content=\"Viiratsi Angerjafarm\" \/>\n<meta property=\"article:publisher\" content=\"https:\/\/www.facebook.com\/angerjafarm\" \/>\n<meta property=\"article:modified_time\" content=\"2022-10-27T21:46:22+00:00\" \/>\n<meta name=\"twitter:card\" content=\"summary_large_image\" \/>\n<meta name=\"twitter:label1\" content=\"Est. reading time\" \/>\n\t<meta name=\"twitter:data1\" content=\"2 minutit\" \/>\n<script type=\"application\/ld+json\" class=\"yoast-schema-graph\">{\"@context\":\"https:\/\/schema.org\",\"@graph\":[{\"@type\":\"WebPage\",\"@id\":\"https:\/\/angerjad.ee\/angerjas\/\",\"url\":\"https:\/\/angerjad.ee\/angerjas\/\",\"name\":\"Angerjas - Viiratsi Angerjafarm\",\"isPartOf\":{\"@id\":\"https:\/\/angerjad.ee\/#website\"},\"datePublished\":\"2022-10-27T17:08:01+00:00\",\"dateModified\":\"2022-10-27T21:46:22+00:00\",\"breadcrumb\":{\"@id\":\"https:\/\/angerjad.ee\/angerjas\/#breadcrumb\"},\"inLanguage\":\"et\",\"potentialAction\":[{\"@type\":\"ReadAction\",\"target\":[\"https:\/\/angerjad.ee\/angerjas\/\"]}]},{\"@type\":\"BreadcrumbList\",\"@id\":\"https:\/\/angerjad.ee\/angerjas\/#breadcrumb\",\"itemListElement\":[{\"@type\":\"ListItem\",\"position\":1,\"name\":\"Home\",\"item\":\"https:\/\/angerjad.ee\/\"},{\"@type\":\"ListItem\",\"position\":2,\"name\":\"Angerjas\"}]},{\"@type\":\"WebSite\",\"@id\":\"https:\/\/angerjad.ee\/#website\",\"url\":\"https:\/\/angerjad.ee\/\",\"name\":\"Viiratsi Angerjafarm\",\"description\":\"V\u00e4rsked angerjad l\u00e4bi aasta!\",\"publisher\":{\"@id\":\"https:\/\/angerjad.ee\/#organization\"},\"potentialAction\":[{\"@type\":\"SearchAction\",\"target\":{\"@type\":\"EntryPoint\",\"urlTemplate\":\"https:\/\/angerjad.ee\/?s={search_term_string}\"},\"query-input\":\"required name=search_term_string\"}],\"inLanguage\":\"et\"},{\"@type\":\"Organization\",\"@id\":\"https:\/\/angerjad.ee\/#organization\",\"name\":\"Viiratsi Angerjafarm\",\"url\":\"https:\/\/angerjad.ee\/\",\"logo\":{\"@type\":\"ImageObject\",\"inLanguage\":\"et\",\"@id\":\"https:\/\/angerjad.ee\/#\/schema\/logo\/image\/\",\"url\":\"\",\"contentUrl\":\"\",\"caption\":\"Viiratsi Angerjafarm\"},\"image\":{\"@id\":\"https:\/\/angerjad.ee\/#\/schema\/logo\/image\/\"},\"sameAs\":[\"https:\/\/www.facebook.com\/angerjafarm\"]}]}<\/script>\n<!-- \/ Yoast SEO plugin. -->","yoast_head_json":{"title":"Angerjas - Viiratsi Angerjafarm","robots":{"index":"index","follow":"follow","max-snippet":"max-snippet:-1","max-image-preview":"max-image-preview:large","max-video-preview":"max-video-preview:-1"},"canonical":"https:\/\/angerjad.ee\/et\/angerjas\/","og_locale":"et_EE","og_type":"article","og_title":"Angerjas - Viiratsi Angerjafarm","og_description":"Angerjas on maailma \u00fcks salap\u00e4rasemaid kalu, kelle kohta teatakse veel v\u00e4ga v\u00e4he. Angerja paljunemist tehistingimustes ei ole t\u00e4naseni edukalt suudetud l\u00e4bi viia. Tema t\u00e4psed koelmualad ning noorangerjate eluts\u00fckkel on senini m\u00f5nev\u00f5rra m\u00fcstiline &#8211; teadmata on, mis sunnib angerjat j\u00f5gesid pidi \u00fclesvoolu ujuma, kuidas nad osutuvad isasteks &nbsp;v\u00f5i emasteks isenditeks v\u00f5i kuidas nad oskavad p\u00f6\u00f6rduda tagasi &hellip; Angerjas Read More &raquo;","og_url":"https:\/\/angerjad.ee\/et\/angerjas\/","og_site_name":"Viiratsi Angerjafarm","article_publisher":"https:\/\/www.facebook.com\/angerjafarm","article_modified_time":"2022-10-27T21:46:22+00:00","twitter_card":"summary_large_image","twitter_misc":{"Est. reading time":"2 minutit"},"schema":{"@context":"https:\/\/schema.org","@graph":[{"@type":"WebPage","@id":"https:\/\/angerjad.ee\/angerjas\/","url":"https:\/\/angerjad.ee\/angerjas\/","name":"Angerjas - Viiratsi Angerjafarm","isPartOf":{"@id":"https:\/\/angerjad.ee\/#website"},"datePublished":"2022-10-27T17:08:01+00:00","dateModified":"2022-10-27T21:46:22+00:00","breadcrumb":{"@id":"https:\/\/angerjad.ee\/angerjas\/#breadcrumb"},"inLanguage":"et","potentialAction":[{"@type":"ReadAction","target":["https:\/\/angerjad.ee\/angerjas\/"]}]},{"@type":"BreadcrumbList","@id":"https:\/\/angerjad.ee\/angerjas\/#breadcrumb","itemListElement":[{"@type":"ListItem","position":1,"name":"Home","item":"https:\/\/angerjad.ee\/"},{"@type":"ListItem","position":2,"name":"Angerjas"}]},{"@type":"WebSite","@id":"https:\/\/angerjad.ee\/#website","url":"https:\/\/angerjad.ee\/","name":"Viiratsi Angerjafarm","description":"V\u00e4rsked angerjad l\u00e4bi aasta!","publisher":{"@id":"https:\/\/angerjad.ee\/#organization"},"potentialAction":[{"@type":"SearchAction","target":{"@type":"EntryPoint","urlTemplate":"https:\/\/angerjad.ee\/?s={search_term_string}"},"query-input":"required name=search_term_string"}],"inLanguage":"et"},{"@type":"Organization","@id":"https:\/\/angerjad.ee\/#organization","name":"Viiratsi Angerjafarm","url":"https:\/\/angerjad.ee\/","logo":{"@type":"ImageObject","inLanguage":"et","@id":"https:\/\/angerjad.ee\/#\/schema\/logo\/image\/","url":"","contentUrl":"","caption":"Viiratsi Angerjafarm"},"image":{"@id":"https:\/\/angerjad.ee\/#\/schema\/logo\/image\/"},"sameAs":["https:\/\/www.facebook.com\/angerjafarm"]}]}},"_links":{"self":[{"href":"https:\/\/angerjad.ee\/et\/wp-json\/wp\/v2\/pages\/1348"}],"collection":[{"href":"https:\/\/angerjad.ee\/et\/wp-json\/wp\/v2\/pages"}],"about":[{"href":"https:\/\/angerjad.ee\/et\/wp-json\/wp\/v2\/types\/page"}],"author":[{"embeddable":true,"href":"https:\/\/angerjad.ee\/et\/wp-json\/wp\/v2\/users\/89"}],"replies":[{"embeddable":true,"href":"https:\/\/angerjad.ee\/et\/wp-json\/wp\/v2\/comments?post=1348"}],"version-history":[{"count":13,"href":"https:\/\/angerjad.ee\/et\/wp-json\/wp\/v2\/pages\/1348\/revisions"}],"predecessor-version":[{"id":1371,"href":"https:\/\/angerjad.ee\/et\/wp-json\/wp\/v2\/pages\/1348\/revisions\/1371"}],"wp:attachment":[{"href":"https:\/\/angerjad.ee\/et\/wp-json\/wp\/v2\/media?parent=1348"}],"curies":[{"name":"wp","href":"https:\/\/api.w.org\/{rel}","templated":true}]}}