{"id":1524,"date":"2023-01-24T17:36:53","date_gmt":"2023-01-24T15:36:53","guid":{"rendered":"https:\/\/angerjad.ee\/?page_id=1524"},"modified":"2023-01-24T18:38:29","modified_gmt":"2023-01-24T16:38:29","slug":"uudised","status":"publish","type":"page","link":"https:\/\/angerjad.ee\/et\/uudised\/","title":{"rendered":"Uudised"},"content":{"rendered":"\n<div class=\"wp-block-columns is-layout-flex wp-container-core-columns-is-layout-1 wp-block-columns-is-layout-flex\">\n<div class=\"wp-block-column is-layout-flow wp-block-column-is-layout-flow\"><div  class=\"ultp-post-grid-block wp-block-ultimate-post-post-list-3 ultp-block-f275cc ast-container\"><div class=\"ultp-block-wrapper\"><div class=\"ultp-loading\"><div class=\"ultp-loading-blocks\" style=\"width:100%;height:100%;\"><div style=\"left: 0;top: 0;animation-delay:0s;\"><\/div><div style=\"left: 21px;top: 0;animation-delay:0.125s;\"><\/div><div style=\"left: 42px;top: 0;animation-delay:0.25s;\"><\/div><div style=\"left: 0;top: 21px;animation-delay:0.875s;\"><\/div><div style=\"left: 42px;top: 21px;animation-delay:0.375s;\"><\/div><div style=\"left: 0;top: 42px;animation-delay:0.75s;\"><\/div><div style=\"left: 42px;top: 42px;animation-delay:0.625s;\"><\/div><div style=\"left: 21px;top: 42px;animation-delay:0.5s;\"><\/div><\/div><\/div><div class=\"ultp-heading-filter\"><div class=\"ultp-heading-filter-in\"><div class=\"ultp-heading-wrap ultp-heading-style21 ultp-heading-left\"><h1 class=\"ultp-heading-inner\"><span>Uudised<\/span><\/h1><\/div><div class=\"ultp-filter-navigation\"><\/div><\/div><\/div><div class=\"ultp-block-items-wrap ultp-block-row ultp-block-column-1 ultp-block-content-middle ultp-layout1\"><div class=\"ultp-block-item ultp-block-media post-id-1618\"><div class=\"ultp-block-content-wrap\"><div class=\"ultp-block-image ultp-block-image-opacity\"><a href=\"https:\/\/angerjad.ee\/et\/bm-nord-ou-on-saanud-toetust-mak-2014-2020-meetmest-6-4-randkaupluse-ja-sisseseade-soetamiseks\/\" ><img decoding=\"async\"  alt=\"BM Nord O\u00dc on saanud toetust MAK 2014-2020 meetmest 6.4 r\u00e4ndkaupluse ja sisseseade soetamiseks\"  src=\"https:\/\/angerjad.ee\/wp-content\/uploads\/image1-150x87.png\" \/><\/a><\/div><div class=\"ultp-block-content\"><h3 class=\"ultp-block-title \"><a href=\"https:\/\/angerjad.ee\/et\/bm-nord-ou-on-saanud-toetust-mak-2014-2020-meetmest-6-4-randkaupluse-ja-sisseseade-soetamiseks\/\" >BM Nord O\u00dc on saanud toetust MAK 2014-2020 meetmest 6.4 r\u00e4ndkaupluse ja sisseseade soetamiseks<\/a><\/h3><div class=\"ultp-block-meta ultp-block-meta-dot ultp-block-meta-icon\"><span class=\"ultp-block-date ultp-block-meta-element\"><svg xmlns=\"http:\/\/www.w3.org\/2000\/svg\" fill=\"none\" viewBox=\"0 0 24 24\">\r\n  <path stroke=\"currentColor\" stroke-linecap=\"round\" stroke-linejoin=\"round\" stroke-width=\"1.5\" d=\"M3 5.5a2 2 0 0 1 2-2h14a2 2 0 0 1 2 2v14a2 2 0 0 1-2 2H5a2 2 0 0 1-2-2v-14ZM8 2v3m8-3v3M3 9h18\"\/>\r\n<\/svg>\r\nmai 26, 2023<\/span><span class=\"ultp-post-read ultp-block-meta-element\"><svg xmlns=\"http:\/\/www.w3.org\/2000\/svg\" fill=\"none\" viewBox=\"0 0 24 24\">\r\n  <path stroke=\"currentColor\" stroke-linecap=\"round\" stroke-linejoin=\"round\" stroke-width=\"1.5\" d=\"M4 5v14a3 3 0 0 0 3 3h13V8H7a3 3 0 0 1-3-3Zm0 0a3 3 0 0 1 3-3h13M7 5h10\"\/>\r\n  <path stroke=\"currentColor\" stroke-linecap=\"round\" stroke-linejoin=\"round\" stroke-width=\"1.5\" d=\"M9.5 18.5v-3.092a3 3 0 0 1 .504-1.664l1.219-1.828a.934.934 0 0 1 1.554 0l1.22 1.828a3 3 0 0 1 .503 1.664V18.5m-5-2.5h5\"\/>\r\n<\/svg>\r\n1 minuti lugemine<\/span><\/div><div class=\"ultp-block-excerpt\"><p>BM Nord O\u00dc on saanud toetust MAK 2014-2020 meetmest 6.4 r\u00e4ndkaupluse ja sisseseade soetamiseks. Tegevuse eesm\u00e4rk on r\u00e4ndkaupluse abil turustada v\u00e4\u00e4rtuslike kalatooteid (mis on valminud v\u00e4iketootjate hoolsa k\u00e4e all ning pole kauplusest massidena k\u00e4ttesaadav) \u00e4\u00e4realadele ja maapiirkondadesse. Oodatav tulemus on&hellip;<\/p>\n<\/div><div class=\"ultp-block-readmore\"><a aria-label=\"BM Nord O\u00dc on saanud toetust MAK 2014-2020 meetmest 6.4 r\u00e4ndkaupluse ja sisseseade soetamiseks\" href=\"https:\/\/angerjad.ee\/et\/bm-nord-ou-on-saanud-toetust-mak-2014-2020-meetmest-6-4-randkaupluse-ja-sisseseade-soetamiseks\/\" >Loe edasi<\/a><\/div><\/div><\/div><\/div><\/div><div class=\"ultp-pagination-wrap ultp-pagination-ajax-action\" data-paged=\"1\" data-expost=\"\"  data-blockid=\"f275cc\" data-postid=\"1524\" data-pages=\"1\" data-blockname=\"ultimate-post_post-list-3\" data-selfpostid=\"no\"><\/div><\/div><div class=\"pagination-block-html\" aria-hidden=\"true\" style=\"display: none;\"><\/div><\/div><\/div>\n<\/div>\n","protected":false},"excerpt":{"rendered":"","protected":false},"author":89,"featured_media":0,"parent":0,"menu_order":0,"comment_status":"closed","ping_status":"closed","template":"","meta":{"footnotes":""},"yoast_head":"<!-- This site is optimized with the Yoast SEO plugin v19.9 - https:\/\/yoast.com\/wordpress\/plugins\/seo\/ -->\n<title>Uudised - Viiratsi Angerjafarm<\/title>\n<meta name=\"robots\" content=\"index, follow, max-snippet:-1, max-image-preview:large, max-video-preview:-1\" \/>\n<link rel=\"canonical\" href=\"https:\/\/angerjad.ee\/et\/uudised\/\" \/>\n<meta property=\"og:locale\" content=\"et_EE\" \/>\n<meta property=\"og:type\" content=\"article\" \/>\n<meta property=\"og:title\" content=\"Uudised - Viiratsi Angerjafarm\" \/>\n<meta property=\"og:url\" content=\"https:\/\/angerjad.ee\/et\/uudised\/\" \/>\n<meta property=\"og:site_name\" content=\"Viiratsi Angerjafarm\" \/>\n<meta property=\"article:publisher\" content=\"https:\/\/www.facebook.com\/angerjafarm\" \/>\n<meta property=\"article:modified_time\" content=\"2023-01-24T16:38:29+00:00\" \/>\n<meta name=\"twitter:card\" content=\"summary_large_image\" \/>\n<script type=\"application\/ld+json\" class=\"yoast-schema-graph\">{\"@context\":\"https:\/\/schema.org\",\"@graph\":[{\"@type\":\"WebPage\",\"@id\":\"https:\/\/angerjad.ee\/uudised\/\",\"url\":\"https:\/\/angerjad.ee\/uudised\/\",\"name\":\"Uudised - Viiratsi Angerjafarm\",\"isPartOf\":{\"@id\":\"https:\/\/angerjad.ee\/#website\"},\"datePublished\":\"2023-01-24T15:36:53+00:00\",\"dateModified\":\"2023-01-24T16:38:29+00:00\",\"breadcrumb\":{\"@id\":\"https:\/\/angerjad.ee\/uudised\/#breadcrumb\"},\"inLanguage\":\"et\",\"potentialAction\":[{\"@type\":\"ReadAction\",\"target\":[\"https:\/\/angerjad.ee\/uudised\/\"]}]},{\"@type\":\"BreadcrumbList\",\"@id\":\"https:\/\/angerjad.ee\/uudised\/#breadcrumb\",\"itemListElement\":[{\"@type\":\"ListItem\",\"position\":1,\"name\":\"Home\",\"item\":\"https:\/\/angerjad.ee\/\"},{\"@type\":\"ListItem\",\"position\":2,\"name\":\"Uudised\"}]},{\"@type\":\"WebSite\",\"@id\":\"https:\/\/angerjad.ee\/#website\",\"url\":\"https:\/\/angerjad.ee\/\",\"name\":\"Viiratsi Angerjafarm\",\"description\":\"V\u00e4rsked angerjad l\u00e4bi aasta!\",\"publisher\":{\"@id\":\"https:\/\/angerjad.ee\/#organization\"},\"potentialAction\":[{\"@type\":\"SearchAction\",\"target\":{\"@type\":\"EntryPoint\",\"urlTemplate\":\"https:\/\/angerjad.ee\/?s={search_term_string}\"},\"query-input\":\"required name=search_term_string\"}],\"inLanguage\":\"et\"},{\"@type\":\"Organization\",\"@id\":\"https:\/\/angerjad.ee\/#organization\",\"name\":\"Viiratsi Angerjafarm\",\"url\":\"https:\/\/angerjad.ee\/\",\"logo\":{\"@type\":\"ImageObject\",\"inLanguage\":\"et\",\"@id\":\"https:\/\/angerjad.ee\/#\/schema\/logo\/image\/\",\"url\":\"\",\"contentUrl\":\"\",\"caption\":\"Viiratsi Angerjafarm\"},\"image\":{\"@id\":\"https:\/\/angerjad.ee\/#\/schema\/logo\/image\/\"},\"sameAs\":[\"https:\/\/www.facebook.com\/angerjafarm\"]}]}<\/script>\n<!-- \/ Yoast SEO plugin. -->","yoast_head_json":{"title":"Uudised - Viiratsi Angerjafarm","robots":{"index":"index","follow":"follow","max-snippet":"max-snippet:-1","max-image-preview":"max-image-preview:large","max-video-preview":"max-video-preview:-1"},"canonical":"https:\/\/angerjad.ee\/et\/uudised\/","og_locale":"et_EE","og_type":"article","og_title":"Uudised - Viiratsi Angerjafarm","og_url":"https:\/\/angerjad.ee\/et\/uudised\/","og_site_name":"Viiratsi Angerjafarm","article_publisher":"https:\/\/www.facebook.com\/angerjafarm","article_modified_time":"2023-01-24T16:38:29+00:00","twitter_card":"summary_large_image","schema":{"@context":"https:\/\/schema.org","@graph":[{"@type":"WebPage","@id":"https:\/\/angerjad.ee\/uudised\/","url":"https:\/\/angerjad.ee\/uudised\/","name":"Uudised - Viiratsi Angerjafarm","isPartOf":{"@id":"https:\/\/angerjad.ee\/#website"},"datePublished":"2023-01-24T15:36:53+00:00","dateModified":"2023-01-24T16:38:29+00:00","breadcrumb":{"@id":"https:\/\/angerjad.ee\/uudised\/#breadcrumb"},"inLanguage":"et","potentialAction":[{"@type":"ReadAction","target":["https:\/\/angerjad.ee\/uudised\/"]}]},{"@type":"BreadcrumbList","@id":"https:\/\/angerjad.ee\/uudised\/#breadcrumb","itemListElement":[{"@type":"ListItem","position":1,"name":"Home","item":"https:\/\/angerjad.ee\/"},{"@type":"ListItem","position":2,"name":"Uudised"}]},{"@type":"WebSite","@id":"https:\/\/angerjad.ee\/#website","url":"https:\/\/angerjad.ee\/","name":"Viiratsi Angerjafarm","description":"V\u00e4rsked angerjad l\u00e4bi aasta!","publisher":{"@id":"https:\/\/angerjad.ee\/#organization"},"potentialAction":[{"@type":"SearchAction","target":{"@type":"EntryPoint","urlTemplate":"https:\/\/angerjad.ee\/?s={search_term_string}"},"query-input":"required name=search_term_string"}],"inLanguage":"et"},{"@type":"Organization","@id":"https:\/\/angerjad.ee\/#organization","name":"Viiratsi Angerjafarm","url":"https:\/\/angerjad.ee\/","logo":{"@type":"ImageObject","inLanguage":"et","@id":"https:\/\/angerjad.ee\/#\/schema\/logo\/image\/","url":"","contentUrl":"","caption":"Viiratsi Angerjafarm"},"image":{"@id":"https:\/\/angerjad.ee\/#\/schema\/logo\/image\/"},"sameAs":["https:\/\/www.facebook.com\/angerjafarm"]}]}},"_links":{"self":[{"href":"https:\/\/angerjad.ee\/et\/wp-json\/wp\/v2\/pages\/1524"}],"collection":[{"href":"https:\/\/angerjad.ee\/et\/wp-json\/wp\/v2\/pages"}],"about":[{"href":"https:\/\/angerjad.ee\/et\/wp-json\/wp\/v2\/types\/page"}],"author":[{"embeddable":true,"href":"https:\/\/angerjad.ee\/et\/wp-json\/wp\/v2\/users\/89"}],"replies":[{"embeddable":true,"href":"https:\/\/angerjad.ee\/et\/wp-json\/wp\/v2\/comments?post=1524"}],"version-history":[{"count":16,"href":"https:\/\/angerjad.ee\/et\/wp-json\/wp\/v2\/pages\/1524\/revisions"}],"predecessor-version":[{"id":1559,"href":"https:\/\/angerjad.ee\/et\/wp-json\/wp\/v2\/pages\/1524\/revisions\/1559"}],"wp:attachment":[{"href":"https:\/\/angerjad.ee\/et\/wp-json\/wp\/v2\/media?parent=1524"}],"curies":[{"name":"wp","href":"https:\/\/api.w.org\/{rel}","templated":true}]}}