{"id":35,"date":"2020-03-05T13:57:37","date_gmt":"2020-03-05T11:57:37","guid":{"rendered":"https:\/\/angerjad.ee\/2r3ndu5\/?page_id=35"},"modified":"2022-10-28T11:43:03","modified_gmt":"2022-10-28T08:43:03","slug":"angerjafarmist","status":"publish","type":"page","link":"https:\/\/angerjad.ee\/et\/angerjafarmist\/","title":{"rendered":"ANGERJAFARMIST"},"content":{"rendered":"\n<div style=\"height:100px\" aria-hidden=\"true\" class=\"wp-block-spacer\"><\/div>\n\n\n\n<p>Viiratsi Angerjafarm tegeleb aastast 2013 euroopa angerja (Anguilla Anguilla) kasvatamisega.\u00a0Meie p\u00f5hitegevusalaks on euroopa angerja kasvatamine klaasangerjast kuni ca 800 grammiseks m\u00fc\u00fcgik\u00fcpseks angerjaks. Farm p\u00f5hineb kinnisel ehk vee korduvkasutusega (RAS) vesiviljeluss\u00fcsteemil, mis toetab keskkonna s\u00e4\u00e4stmist. Meie kalakasvanduses p\u00f6\u00f6ratakse erilist t\u00e4helepanu kalade heaolule ja kasvukeskkonna kvaliteedile. Oleme keskendunud energia- ja keskonnas\u00e4\u00e4stlikule tootmisele. Viiratsi Angerjafarmi tootmisv\u00f5imekuseks on kuni 60 tonni angerjaid aastas.<\/p>\n\n\n\n<p><\/p>\n\n\n\n<p>Meie peamine eesm\u00e4rk on angerjate kasvatamine turustamise eesm\u00e4rgil &#8211; soovime pakkuda seda kasulikku v\u00e4\u00e4riskala inimeste toidulauale. Turustame v\u00e4rsket angerjat kui ka erinevaid angerjatooteid, mis valmivad meie v\u00e4ikeses kohalikus k\u00f6\u00f6gis! \u00a0Toodete hulka kuuluvad elusangerjas, suitsuangerjas, marineeritud angerjas, marineeritud suitsuangerjas ja asustusmaterjal.<\/p>\n\n\n\n<p><\/p>\n\n\n\n<p>Lisaks panustame angerjavarude taastamisse looduslikes veekogudes, toetamaks kala arvukust Eesti vetes. Pakume asustusmaterjaliks sobivat angerjamaimu ja selle transporti ning \u00fchtlasi ka asustamise teenust.<\/p>\n\n\n\n<p><\/p>\n\n\n\n<p>Maailma Looduskaitseliidus (IUCN) ja HELCOM\u2019I Punases Loendis nimetatakse angerjat kriitiliselt ohustatud liigiks, sest p\u00e4rast esimesi Atlandi ookeanis veedetud aastaid L\u00e4\u00e4nemere vetesse j\u00f5udvate noorte kalade hulk on v\u00e4henenud 97% v\u00f5rra. Just sel p\u00f5hjusel&nbsp; on Euroopa Liit keelanud merest kolmel r\u00e4ndekuu perioodil angerjaid p\u00fc\u00fcda.<\/p>\n\n\n\n<div style=\"height:100px\" aria-hidden=\"true\" class=\"wp-block-spacer\"><\/div>\n","protected":false},"excerpt":{"rendered":"<p>Viiratsi Angerjafarm tegeleb aastast 2013 euroopa angerja (Anguilla Anguilla) kasvatamisega.\u00a0Meie p\u00f5hitegevusalaks on euroopa angerja kasvatamine klaasangerjast kuni ca 800 grammiseks m\u00fc\u00fcgik\u00fcpseks angerjaks. Farm p\u00f5hineb kinnisel ehk vee korduvkasutusega (RAS) vesiviljeluss\u00fcsteemil, mis toetab keskkonna s\u00e4\u00e4stmist. Meie kalakasvanduses p\u00f6\u00f6ratakse erilist t\u00e4helepanu kalade heaolule ja kasvukeskkonna kvaliteedile. Oleme keskendunud energia- ja keskonnas\u00e4\u00e4stlikule tootmisele. Viiratsi Angerjafarmi tootmisv\u00f5imekuseks on kuni &hellip;<\/p>\n<p class=\"read-more\"> <a class=\"\" href=\"https:\/\/angerjad.ee\/et\/angerjafarmist\/\"> <span class=\"screen-reader-text\">ANGERJAFARMIST<\/span> Read More &raquo;<\/a><\/p>\n","protected":false},"author":90,"featured_media":0,"parent":0,"menu_order":0,"comment_status":"closed","ping_status":"closed","template":"elementor_header_footer","meta":{"footnotes":""},"yoast_head":"<!-- This site is optimized with the Yoast SEO plugin v19.9 - https:\/\/yoast.com\/wordpress\/plugins\/seo\/ -->\n<title>ANGERJAFARMIST - Viiratsi Angerjafarm<\/title>\n<meta name=\"robots\" content=\"index, follow, max-snippet:-1, max-image-preview:large, max-video-preview:-1\" \/>\n<link rel=\"canonical\" href=\"https:\/\/angerjad.ee\/et\/angerjafarmist\/\" \/>\n<meta property=\"og:locale\" content=\"et_EE\" \/>\n<meta property=\"og:type\" content=\"article\" \/>\n<meta property=\"og:title\" content=\"ANGERJAFARMIST - Viiratsi Angerjafarm\" \/>\n<meta property=\"og:description\" content=\"Viiratsi Angerjafarm tegeleb aastast 2013 euroopa angerja (Anguilla Anguilla) kasvatamisega.\u00a0Meie p\u00f5hitegevusalaks on euroopa angerja kasvatamine klaasangerjast kuni ca 800 grammiseks m\u00fc\u00fcgik\u00fcpseks angerjaks. Farm p\u00f5hineb kinnisel ehk vee korduvkasutusega (RAS) vesiviljeluss\u00fcsteemil, mis toetab keskkonna s\u00e4\u00e4stmist. Meie kalakasvanduses p\u00f6\u00f6ratakse erilist t\u00e4helepanu kalade heaolule ja kasvukeskkonna kvaliteedile. Oleme keskendunud energia- ja keskonnas\u00e4\u00e4stlikule tootmisele. Viiratsi Angerjafarmi tootmisv\u00f5imekuseks on kuni &hellip; ANGERJAFARMIST Read More &raquo;\" \/>\n<meta property=\"og:url\" content=\"https:\/\/angerjad.ee\/et\/angerjafarmist\/\" \/>\n<meta property=\"og:site_name\" content=\"Viiratsi Angerjafarm\" \/>\n<meta property=\"article:publisher\" content=\"https:\/\/www.facebook.com\/angerjafarm\" \/>\n<meta property=\"article:modified_time\" content=\"2022-10-28T08:43:03+00:00\" \/>\n<meta name=\"twitter:card\" content=\"summary_large_image\" \/>\n<meta name=\"twitter:label1\" content=\"Est. reading time\" \/>\n\t<meta name=\"twitter:data1\" content=\"1 minut\" \/>\n<script type=\"application\/ld+json\" class=\"yoast-schema-graph\">{\"@context\":\"https:\/\/schema.org\",\"@graph\":[{\"@type\":\"WebPage\",\"@id\":\"https:\/\/angerjad.ee\/angerjafarmist\/\",\"url\":\"https:\/\/angerjad.ee\/angerjafarmist\/\",\"name\":\"ANGERJAFARMIST - Viiratsi Angerjafarm\",\"isPartOf\":{\"@id\":\"https:\/\/angerjad.ee\/#website\"},\"datePublished\":\"2020-03-05T11:57:37+00:00\",\"dateModified\":\"2022-10-28T08:43:03+00:00\",\"breadcrumb\":{\"@id\":\"https:\/\/angerjad.ee\/angerjafarmist\/#breadcrumb\"},\"inLanguage\":\"et\",\"potentialAction\":[{\"@type\":\"ReadAction\",\"target\":[\"https:\/\/angerjad.ee\/angerjafarmist\/\"]}]},{\"@type\":\"BreadcrumbList\",\"@id\":\"https:\/\/angerjad.ee\/angerjafarmist\/#breadcrumb\",\"itemListElement\":[{\"@type\":\"ListItem\",\"position\":1,\"name\":\"Home\",\"item\":\"https:\/\/angerjad.ee\/\"},{\"@type\":\"ListItem\",\"position\":2,\"name\":\"ANGERJAFARMIST\"}]},{\"@type\":\"WebSite\",\"@id\":\"https:\/\/angerjad.ee\/#website\",\"url\":\"https:\/\/angerjad.ee\/\",\"name\":\"Viiratsi Angerjafarm\",\"description\":\"V\u00e4rsked angerjad l\u00e4bi aasta!\",\"publisher\":{\"@id\":\"https:\/\/angerjad.ee\/#organization\"},\"potentialAction\":[{\"@type\":\"SearchAction\",\"target\":{\"@type\":\"EntryPoint\",\"urlTemplate\":\"https:\/\/angerjad.ee\/?s={search_term_string}\"},\"query-input\":\"required name=search_term_string\"}],\"inLanguage\":\"et\"},{\"@type\":\"Organization\",\"@id\":\"https:\/\/angerjad.ee\/#organization\",\"name\":\"Viiratsi Angerjafarm\",\"url\":\"https:\/\/angerjad.ee\/\",\"logo\":{\"@type\":\"ImageObject\",\"inLanguage\":\"et\",\"@id\":\"https:\/\/angerjad.ee\/#\/schema\/logo\/image\/\",\"url\":\"\",\"contentUrl\":\"\",\"caption\":\"Viiratsi Angerjafarm\"},\"image\":{\"@id\":\"https:\/\/angerjad.ee\/#\/schema\/logo\/image\/\"},\"sameAs\":[\"https:\/\/www.facebook.com\/angerjafarm\"]}]}<\/script>\n<!-- \/ Yoast SEO plugin. -->","yoast_head_json":{"title":"ANGERJAFARMIST - Viiratsi Angerjafarm","robots":{"index":"index","follow":"follow","max-snippet":"max-snippet:-1","max-image-preview":"max-image-preview:large","max-video-preview":"max-video-preview:-1"},"canonical":"https:\/\/angerjad.ee\/et\/angerjafarmist\/","og_locale":"et_EE","og_type":"article","og_title":"ANGERJAFARMIST - Viiratsi Angerjafarm","og_description":"Viiratsi Angerjafarm tegeleb aastast 2013 euroopa angerja (Anguilla Anguilla) kasvatamisega.\u00a0Meie p\u00f5hitegevusalaks on euroopa angerja kasvatamine klaasangerjast kuni ca 800 grammiseks m\u00fc\u00fcgik\u00fcpseks angerjaks. Farm p\u00f5hineb kinnisel ehk vee korduvkasutusega (RAS) vesiviljeluss\u00fcsteemil, mis toetab keskkonna s\u00e4\u00e4stmist. Meie kalakasvanduses p\u00f6\u00f6ratakse erilist t\u00e4helepanu kalade heaolule ja kasvukeskkonna kvaliteedile. Oleme keskendunud energia- ja keskonnas\u00e4\u00e4stlikule tootmisele. Viiratsi Angerjafarmi tootmisv\u00f5imekuseks on kuni &hellip; ANGERJAFARMIST Read More &raquo;","og_url":"https:\/\/angerjad.ee\/et\/angerjafarmist\/","og_site_name":"Viiratsi Angerjafarm","article_publisher":"https:\/\/www.facebook.com\/angerjafarm","article_modified_time":"2022-10-28T08:43:03+00:00","twitter_card":"summary_large_image","twitter_misc":{"Est. reading time":"1 minut"},"schema":{"@context":"https:\/\/schema.org","@graph":[{"@type":"WebPage","@id":"https:\/\/angerjad.ee\/angerjafarmist\/","url":"https:\/\/angerjad.ee\/angerjafarmist\/","name":"ANGERJAFARMIST - Viiratsi Angerjafarm","isPartOf":{"@id":"https:\/\/angerjad.ee\/#website"},"datePublished":"2020-03-05T11:57:37+00:00","dateModified":"2022-10-28T08:43:03+00:00","breadcrumb":{"@id":"https:\/\/angerjad.ee\/angerjafarmist\/#breadcrumb"},"inLanguage":"et","potentialAction":[{"@type":"ReadAction","target":["https:\/\/angerjad.ee\/angerjafarmist\/"]}]},{"@type":"BreadcrumbList","@id":"https:\/\/angerjad.ee\/angerjafarmist\/#breadcrumb","itemListElement":[{"@type":"ListItem","position":1,"name":"Home","item":"https:\/\/angerjad.ee\/"},{"@type":"ListItem","position":2,"name":"ANGERJAFARMIST"}]},{"@type":"WebSite","@id":"https:\/\/angerjad.ee\/#website","url":"https:\/\/angerjad.ee\/","name":"Viiratsi Angerjafarm","description":"V\u00e4rsked angerjad l\u00e4bi aasta!","publisher":{"@id":"https:\/\/angerjad.ee\/#organization"},"potentialAction":[{"@type":"SearchAction","target":{"@type":"EntryPoint","urlTemplate":"https:\/\/angerjad.ee\/?s={search_term_string}"},"query-input":"required name=search_term_string"}],"inLanguage":"et"},{"@type":"Organization","@id":"https:\/\/angerjad.ee\/#organization","name":"Viiratsi Angerjafarm","url":"https:\/\/angerjad.ee\/","logo":{"@type":"ImageObject","inLanguage":"et","@id":"https:\/\/angerjad.ee\/#\/schema\/logo\/image\/","url":"","contentUrl":"","caption":"Viiratsi Angerjafarm"},"image":{"@id":"https:\/\/angerjad.ee\/#\/schema\/logo\/image\/"},"sameAs":["https:\/\/www.facebook.com\/angerjafarm"]}]}},"_links":{"self":[{"href":"https:\/\/angerjad.ee\/et\/wp-json\/wp\/v2\/pages\/35"}],"collection":[{"href":"https:\/\/angerjad.ee\/et\/wp-json\/wp\/v2\/pages"}],"about":[{"href":"https:\/\/angerjad.ee\/et\/wp-json\/wp\/v2\/types\/page"}],"author":[{"embeddable":true,"href":"https:\/\/angerjad.ee\/et\/wp-json\/wp\/v2\/users\/90"}],"replies":[{"embeddable":true,"href":"https:\/\/angerjad.ee\/et\/wp-json\/wp\/v2\/comments?post=35"}],"version-history":[{"count":19,"href":"https:\/\/angerjad.ee\/et\/wp-json\/wp\/v2\/pages\/35\/revisions"}],"predecessor-version":[{"id":1381,"href":"https:\/\/angerjad.ee\/et\/wp-json\/wp\/v2\/pages\/35\/revisions\/1381"}],"wp:attachment":[{"href":"https:\/\/angerjad.ee\/et\/wp-json\/wp\/v2\/media?parent=35"}],"curies":[{"name":"wp","href":"https:\/\/api.w.org\/{rel}","templated":true}]}}