{"id":1650,"date":"2023-06-30T13:52:20","date_gmt":"2023-06-30T10:52:20","guid":{"rendered":"https:\/\/angerjad.ee\/?post_type=product&#038;p=1650"},"modified":"2025-07-01T11:30:11","modified_gmt":"2025-07-01T08:30:11","slug":"angerjasupp-450g","status":"publish","type":"product","link":"https:\/\/angerjad.ee\/et\/angerjas\/angerjasupp-450g\/","title":{"rendered":"Angerjasupp, 450g"},"content":{"rendered":"","protected":false},"excerpt":{"rendered":"<p style=\"font-weight: 400;\">Kodune angerjasupp valmib meie v\u00e4ikek\u00f6\u00f6gis oma farmis kasvatatud v\u00e4rskest angerjast. Supp on traditsiooniliselt koduse maitsega ning valmib algusest l\u00f5puni puhtalt k\u00e4sit\u00f6\u00f6na &#8211; isegi k\u00f6\u00f6giviljad ja supikartul saavad kooritud ning hakitud koka vilunud k\u00e4e all.<\/p>\n<p style=\"font-weight: 400;\">Tegu on puhta tootega, mis on E-ainete, maitsetugevdajate ja s\u00e4ilistusainete vaba!<\/p>\n<p style=\"font-weight: 400;\"><strong>EE: Koostis:<\/strong> <strong>angerjas<\/strong> <strong>(anguilla anguilla) 30%<\/strong>, kasvatatud Eestis, vesi, kartul, porgand, sibul, till terapipar, sool, loorber. <strong>S\u00e4ilitada temperatuuril<\/strong> +2 kuni +6\u00b0C. <strong>K\u00f5lblik kuni<\/strong>: vt purgilt. <strong>Toitumisalane teave 100g<\/strong>: energiasisaldus 455 KJ 110 kcal, rasvad 8.72 g, millest k\u00fcllastunud rasvhapped 2.13 g, s\u00fcsivesikud 4.2 g, millest: suhkrud 1.6 g, valgud 3.62 g, sool 0.78 g. <strong>EN: Ingredients<\/strong>: <strong>eel<\/strong> <strong>(anguilla anguilla) 30%<\/strong>, farmed in Estonia, water, potato, carrot, onion, dill, salt, bay leaf. <strong>Store at temperature<\/strong> +2&#8230;+6\u00b0C. Best before: see jar. <strong>Nutrition information per 100g<\/strong>: energy 455 KJ 110 kcal, fats 8.72 g of which saturated fatty acids 2.13 g, carbohydrates 4.2 g whereof sugars 1.6 g, proteins 3.62 g, salt 0.78 g. <strong>RU: \u0418\u043d\u0433\u0440\u0435\u0434\u0438\u0435\u043d\u0442\u044b<\/strong>: <strong>\u0443\u0433\u043e\u0440\u044c<\/strong>, <strong>\u0432\u044b\u0440\u0430\u0449\u0435\u043d\u043d\u044b\u0439 \u0432 \u042d\u0441\u0442\u043e\u043d\u0438\u0438 (anguilla anguilla) 30%<\/strong>, \u0432\u043e\u0434\u0430, \u043a\u0430\u0440\u0442\u043e\u0444\u0435\u043b\u044c, \u043c\u043e\u0440\u043a\u043e\u0432\u044c, \u043b\u0443\u043a, \u0443\u043a\u0440\u043e\u043f, \u043f\u0435\u0440\u0435\u0446 \u0433\u043e\u0440\u043e\u0448\u043a\u043e\u043c, \u0441\u043e\u043b\u044c, \u043b\u0430\u0432\u0440\u043e\u0432\u044b\u0439 \u043b\u0438CT. <strong>\u0425\u0440\u0430\u043d\u0438\u0442\u044c \u043f\u0440\u0438 \u0442\u0435\u043c\u043f\u0435\u0440\u0430\u0442\u0443\u0440\u0435<\/strong> 2&#8230;+6\u00b0C. <strong>\u0421\u0440\u043e\u043a \u0433\u043e\u0434\u043d\u043e\u0441\u0442\u0438<\/strong>: \u0441\u043c. \u043d\u0430 \u0431\u0430\u043d\u043a\u0435. <strong>\u041f\u0438\u0449\u0435\u0432\u0430\u044f \u0446\u0435\u043d\u043d\u043e\u0441\u0442\u044c \u043d\u0430 100 \u0433<\/strong>.: \u044d\u043d\u0435\u0440\u0433\u0435\u0442\u0438\u0447\u0435\u0441\u043a\u0430\u044f \u0446\u0435\u043d\u043d\u043e\u0441\u0442\u044c 455 \u043a\u0414\u0436\/110 \u043a\u043a\u0430\u043b, \u0436\u0438\u0440\u044b 8,72 \u0433, \u0438\u0437 \u043a\u043e\u0442\u043e\u0440\u044b\u0445 \u043d\u0430\u0441\u044b\u0449\u0435\u043d\u043d\u044b\u0435 \u0436\u0438\u0440\u043d\u044b\u0435 \u043a\u0438\u0441\u043b\u043e\u0442\u044b 2.13 \u0433; \u0443\u0433\u043b\u0435\u0432\u043e\u0434\u044b 4.2 \u0433, \u0438\u0437 \u043a\u043e\u0442\u043e\u0440\u044b\u0445 \u0441\u0430\u0445\u0430\u0440\u0430 1.6 \u0433; \u0431\u0435\u043b\u043a\u0438 3.62 \u0433, \u0441\u043e\u043b\u044c 0.6 \u0433.<\/p>\n","protected":false},"featured_media":1815,"template":"","meta":[],"product_cat":[42,44],"product_tag":[16,45],"yoast_head":"<!-- This site is optimized with the Yoast SEO plugin v19.9 - https:\/\/yoast.com\/wordpress\/plugins\/seo\/ -->\n<title>Marineeritud angerjas, 450g - Viiratsi Angerjafarm<\/title>\n<meta name=\"description\" content=\"Angerjas marinaadis \u2013 koduses ja maitsvas. Meie farmis hoolega kasvatatud, kohapeal ja marineeritud puhas suus sulav suitsuangerjas. Ilma lisaaineteta!\" \/>\n<meta name=\"robots\" content=\"index, follow, max-snippet:-1, max-image-preview:large, max-video-preview:-1\" \/>\n<link rel=\"canonical\" href=\"https:\/\/angerjad.ee\/et\/angerjas\/angerjasupp-450g\/\" \/>\n<meta property=\"og:locale\" content=\"et_EE\" \/>\n<meta property=\"og:type\" content=\"article\" \/>\n<meta property=\"og:title\" content=\"Marineeritud angerjas, 450g - Viiratsi Angerjafarm\" \/>\n<meta property=\"og:description\" content=\"Angerjas marinaadis \u2013 koduses ja maitsvas. Meie farmis hoolega kasvatatud, kohapeal ja marineeritud puhas suus sulav suitsuangerjas. Ilma lisaaineteta!\" \/>\n<meta property=\"og:url\" content=\"https:\/\/angerjad.ee\/et\/angerjas\/angerjasupp-450g\/\" \/>\n<meta property=\"og:site_name\" content=\"Viiratsi Angerjafarm\" \/>\n<meta property=\"article:publisher\" content=\"https:\/\/www.facebook.com\/angerjafarm\" \/>\n<meta property=\"article:modified_time\" content=\"2025-07-01T08:30:11+00:00\" \/>\n<meta property=\"og:image\" content=\"https:\/\/angerjad.ee\/wp-content\/uploads\/Group-7-1-e1699611466683.jpg\" \/>\n\t<meta property=\"og:image:width\" content=\"2050\" \/>\n\t<meta property=\"og:image:height\" content=\"1860\" \/>\n\t<meta property=\"og:image:type\" content=\"image\/jpeg\" \/>\n<meta name=\"twitter:card\" content=\"summary_large_image\" \/>\n<script type=\"application\/ld+json\" class=\"yoast-schema-graph\">{\"@context\":\"https:\/\/schema.org\",\"@graph\":[{\"@type\":\"WebPage\",\"@id\":\"https:\/\/angerjad.ee\/angerjas\/angerjasupp-450g\/\",\"url\":\"https:\/\/angerjad.ee\/angerjas\/angerjasupp-450g\/\",\"name\":\"Marineeritud angerjas, 450g - Viiratsi Angerjafarm\",\"isPartOf\":{\"@id\":\"https:\/\/angerjad.ee\/#website\"},\"datePublished\":\"2023-06-30T10:52:20+00:00\",\"dateModified\":\"2025-07-01T08:30:11+00:00\",\"description\":\"Angerjas marinaadis \u2013 koduses ja maitsvas. Meie farmis hoolega kasvatatud, kohapeal ja marineeritud puhas suus sulav suitsuangerjas. Ilma lisaaineteta!\",\"breadcrumb\":{\"@id\":\"https:\/\/angerjad.ee\/angerjas\/angerjasupp-450g\/#breadcrumb\"},\"inLanguage\":\"et\",\"potentialAction\":[{\"@type\":\"ReadAction\",\"target\":[\"https:\/\/angerjad.ee\/angerjas\/angerjasupp-450g\/\"]}]},{\"@type\":\"BreadcrumbList\",\"@id\":\"https:\/\/angerjad.ee\/angerjas\/angerjasupp-450g\/#breadcrumb\",\"itemListElement\":[{\"@type\":\"ListItem\",\"position\":1,\"name\":\"Home\",\"item\":\"https:\/\/angerjad.ee\/\"},{\"@type\":\"ListItem\",\"position\":2,\"name\":\"Telli v\u00e4rsked angerjatooted!\",\"item\":\"https:\/\/angerjad.ee\/\"},{\"@type\":\"ListItem\",\"position\":3,\"name\":\"Angerjasupp, 450g\"}]},{\"@type\":\"WebSite\",\"@id\":\"https:\/\/angerjad.ee\/#website\",\"url\":\"https:\/\/angerjad.ee\/\",\"name\":\"Viiratsi Angerjafarm\",\"description\":\"V\u00e4rsked angerjad l\u00e4bi aasta!\",\"publisher\":{\"@id\":\"https:\/\/angerjad.ee\/#organization\"},\"potentialAction\":[{\"@type\":\"SearchAction\",\"target\":{\"@type\":\"EntryPoint\",\"urlTemplate\":\"https:\/\/angerjad.ee\/?s={search_term_string}\"},\"query-input\":\"required name=search_term_string\"}],\"inLanguage\":\"et\"},{\"@type\":\"Organization\",\"@id\":\"https:\/\/angerjad.ee\/#organization\",\"name\":\"Viiratsi Angerjafarm\",\"url\":\"https:\/\/angerjad.ee\/\",\"logo\":{\"@type\":\"ImageObject\",\"inLanguage\":\"et\",\"@id\":\"https:\/\/angerjad.ee\/#\/schema\/logo\/image\/\",\"url\":\"\",\"contentUrl\":\"\",\"caption\":\"Viiratsi Angerjafarm\"},\"image\":{\"@id\":\"https:\/\/angerjad.ee\/#\/schema\/logo\/image\/\"},\"sameAs\":[\"https:\/\/www.facebook.com\/angerjafarm\"]}]}<\/script>\n<!-- \/ Yoast SEO plugin. -->","yoast_head_json":{"title":"Marineeritud angerjas, 450g - Viiratsi Angerjafarm","description":"Angerjas marinaadis \u2013 koduses ja maitsvas. Meie farmis hoolega kasvatatud, kohapeal ja marineeritud puhas suus sulav suitsuangerjas. Ilma lisaaineteta!","robots":{"index":"index","follow":"follow","max-snippet":"max-snippet:-1","max-image-preview":"max-image-preview:large","max-video-preview":"max-video-preview:-1"},"canonical":"https:\/\/angerjad.ee\/et\/angerjas\/angerjasupp-450g\/","og_locale":"et_EE","og_type":"article","og_title":"Marineeritud angerjas, 450g - Viiratsi Angerjafarm","og_description":"Angerjas marinaadis \u2013 koduses ja maitsvas. Meie farmis hoolega kasvatatud, kohapeal ja marineeritud puhas suus sulav suitsuangerjas. Ilma lisaaineteta!","og_url":"https:\/\/angerjad.ee\/et\/angerjas\/angerjasupp-450g\/","og_site_name":"Viiratsi Angerjafarm","article_publisher":"https:\/\/www.facebook.com\/angerjafarm","article_modified_time":"2025-07-01T08:30:11+00:00","og_image":[{"width":2050,"height":1860,"url":"https:\/\/angerjad.ee\/wp-content\/uploads\/Group-7-1-e1699611466683.jpg","type":"image\/jpeg"}],"twitter_card":"summary_large_image","schema":{"@context":"https:\/\/schema.org","@graph":[{"@type":"WebPage","@id":"https:\/\/angerjad.ee\/angerjas\/angerjasupp-450g\/","url":"https:\/\/angerjad.ee\/angerjas\/angerjasupp-450g\/","name":"Marineeritud angerjas, 450g - Viiratsi Angerjafarm","isPartOf":{"@id":"https:\/\/angerjad.ee\/#website"},"datePublished":"2023-06-30T10:52:20+00:00","dateModified":"2025-07-01T08:30:11+00:00","description":"Angerjas marinaadis \u2013 koduses ja maitsvas. Meie farmis hoolega kasvatatud, kohapeal ja marineeritud puhas suus sulav suitsuangerjas. Ilma lisaaineteta!","breadcrumb":{"@id":"https:\/\/angerjad.ee\/angerjas\/angerjasupp-450g\/#breadcrumb"},"inLanguage":"et","potentialAction":[{"@type":"ReadAction","target":["https:\/\/angerjad.ee\/angerjas\/angerjasupp-450g\/"]}]},{"@type":"BreadcrumbList","@id":"https:\/\/angerjad.ee\/angerjas\/angerjasupp-450g\/#breadcrumb","itemListElement":[{"@type":"ListItem","position":1,"name":"Home","item":"https:\/\/angerjad.ee\/"},{"@type":"ListItem","position":2,"name":"Telli v\u00e4rsked angerjatooted!","item":"https:\/\/angerjad.ee\/"},{"@type":"ListItem","position":3,"name":"Angerjasupp, 450g"}]},{"@type":"WebSite","@id":"https:\/\/angerjad.ee\/#website","url":"https:\/\/angerjad.ee\/","name":"Viiratsi Angerjafarm","description":"V\u00e4rsked angerjad l\u00e4bi aasta!","publisher":{"@id":"https:\/\/angerjad.ee\/#organization"},"potentialAction":[{"@type":"SearchAction","target":{"@type":"EntryPoint","urlTemplate":"https:\/\/angerjad.ee\/?s={search_term_string}"},"query-input":"required name=search_term_string"}],"inLanguage":"et"},{"@type":"Organization","@id":"https:\/\/angerjad.ee\/#organization","name":"Viiratsi Angerjafarm","url":"https:\/\/angerjad.ee\/","logo":{"@type":"ImageObject","inLanguage":"et","@id":"https:\/\/angerjad.ee\/#\/schema\/logo\/image\/","url":"","contentUrl":"","caption":"Viiratsi Angerjafarm"},"image":{"@id":"https:\/\/angerjad.ee\/#\/schema\/logo\/image\/"},"sameAs":["https:\/\/www.facebook.com\/angerjafarm"]}]}},"_links":{"self":[{"href":"https:\/\/angerjad.ee\/et\/wp-json\/wp\/v2\/product\/1650"}],"collection":[{"href":"https:\/\/angerjad.ee\/et\/wp-json\/wp\/v2\/product"}],"about":[{"href":"https:\/\/angerjad.ee\/et\/wp-json\/wp\/v2\/types\/product"}],"wp:featuredmedia":[{"embeddable":true,"href":"https:\/\/angerjad.ee\/et\/wp-json\/wp\/v2\/media\/1815"}],"wp:attachment":[{"href":"https:\/\/angerjad.ee\/et\/wp-json\/wp\/v2\/media?parent=1650"}],"wp:term":[{"taxonomy":"product_cat","embeddable":true,"href":"https:\/\/angerjad.ee\/et\/wp-json\/wp\/v2\/product_cat?post=1650"},{"taxonomy":"product_tag","embeddable":true,"href":"https:\/\/angerjad.ee\/et\/wp-json\/wp\/v2\/product_tag?post=1650"}],"curies":[{"name":"wp","href":"https:\/\/api.w.org\/{rel}","templated":true}]}}