{"id":2137,"date":"2025-04-07T18:17:43","date_gmt":"2025-04-07T15:17:43","guid":{"rendered":"https:\/\/angerjad.ee\/?post_type=product&#038;p=2137"},"modified":"2026-04-09T14:28:40","modified_gmt":"2026-04-09T11:28:40","slug":"noor-suitsuangerjas-holland-style-100-200-gr","status":"publish","type":"product","link":"https:\/\/angerjad.ee\/et\/angerjas\/noor-suitsuangerjas-holland-style-100-200-gr\/","title":{"rendered":"Noor suitsuangerjas Holland Style, 100-200 gr"},"content":{"rendered":"","protected":false},"excerpt":{"rendered":"<p style=\"font-weight: 400;\">Noor suitsuangerjas on valmib meie oma angerjafarmis kasvanud v\u00e4rskest angerjast. K\u00f5ik Viiratsi Angerjafarmi tooted valmivad k\u00e4sit\u00f6\u00f6na meie kohalikus farmi k\u00f6\u00f6gis meie hoolsa pilgu all, nii saam pakkuda Teile k\u00f5rget \u00a0ja \u00fchtlast kvaliteeti. M\u00f5nusalt mahlane, maheda koduse maitsega suitsuangerjas sisaldab ainult nii v\u00e4he kui parima maitse tagamiseks vajalik.<\/p>\n<p style=\"font-weight: 400;\">See Viiratsi Angerjafarmi toode on E-ainete, maitsetugevdajate ja s\u00e4ilitusainete vaba!<\/p>\n<p style=\"font-weight: 400;\">Meie v\u00e4rske suitsutatud angerja maksimaalne soolasisaldus on 1,5%.<\/p>\n<p style=\"font-weight: 400;\">NB!<\/p>\n<p style=\"font-weight: 400;\">Suitsuangerjat m\u00fc\u00fcme tervete kaladena!\u00a0Noore suitsuangerja keskmine kaal on 100-200 grammi.<\/p>\n<p style=\"font-weight: 400;\">See toode on m\u00fc\u00fcgis t\u00fcki kaupa ja toote kaalu ei saa valida, vaid kala kaal on juhuslik vahemikus 100-200 grammi.<\/p>\n<p style=\"font-weight: 400;\">Tellitud kauba eest \u00a0saab tasuda meie poolt eraldi saadetud arve alusel enne kauba v\u00e4ljastamist.<\/p>\n<p style=\"font-weight: 400;\">EE: Koostis: <strong>angerjas<\/strong> (anguilla anguilla), kasvatatud Eestis, keedusool (max 1.5%). S\u00e4ilitada temperatuuril +2 kuni +6\u00b0C. K\u00f5lblik kuni: vt pakendilt. Toitumisalane teave 100g: energiasisaldus \u2013 1373.2 kJ 328 kcal, rasvad 27.8 g, millest k\u00fcllastunud rasvhapped 0 g, s\u00fcsivesikud 0 g, millest: suhkrud 0 g, valgud 18.6 g, sool 0.6g. EN: Ingredients: <strong>eel<\/strong> (Anguilla anguilla), farmed in Estonia, salt (max 1.5%). Store at temperature +2\u2026+6 \u00b0C. Best before: see packaging. Nutrition information per 100g: energy 1373.2kJ\/328kcal, fats 27.8 g of which saturated fatty acids 0 g, carbohydrates 0 g, whereof sugars 0 g, proteins 18.6 g, salt 0.6g. RU:\u00a0\u0418\u043d\u0433\u0440\u0435\u0434\u0438\u0435\u043d\u0442\u044b:\u00a0<strong>\u0443\u0433\u043e\u0440\u044c<\/strong>,\u00a0\u0432\u044b\u0440\u0430\u0449\u0435\u043d\u043d\u044b\u0439 \u0432 \u042d\u0441\u0442\u043e\u043d\u0438\u0438\u00a0(anguilla anguilla),\u00a0\u043f\u043e\u0432\u0430\u0440\u0435\u043d\u043d\u0430\u044f \u0441\u043e\u043b\u044c\u00a0(\u043c\u0430\u043a\u0441.\u00a01,5%). \u0425\u0440\u0430\u043d\u0438\u0442\u044c \u043f\u0440\u0438 \u0442\u0435\u043c\u043f\u0435\u0440\u0430\u0442\u0443\u0440\u0435 2\u2026+6\u00b0\u0421. \u0421\u0440\u043e\u043a \u0433\u043e\u0434\u043d\u043e\u0441\u0442\u0438: \u0441\u043c. \u043d\u0430 \u0431\u0430\u043d\u043a\u0435. \u041f\u0438\u0449\u0435\u0432\u0430\u044f \u0446\u0435\u043d\u043d\u043e\u0441\u0442\u044c \u043d\u0430 100 \u0433.: \u044d\u043d\u0435\u0440\u0433\u0435\u0442\u0438\u0447\u0435\u0441\u043a\u0430\u044f \u0446\u0435\u043d\u043d\u043e\u0441\u0442\u044c 1373.2 \u043a\u0414\u0436\/328 \u043a\u043a\u0430\u043b, \u0436\u0438\u0440\u044b 27.8 \u0433, \u0438\u0437 \u043a\u043e\u0442\u043e\u0440\u044b\u0445 \u043d\u0430\u0441\u044b\u0449\u0435\u043d\u043d\u044b\u0435 \u0436\u0438\u0440\u043d\u044b\u0435 \u043a\u0438\u0441\u043b\u043e\u0442\u044b 0 \u0433; \u0443\u0433\u043b\u0435\u0432\u043e\u0434\u044b 0 \u0433, \u0438\u0437 \u043a\u043e\u0442\u043e\u0440\u044b\u0445 \u0441\u0430\u0445\u0430\u0440\u0430 0 \u0433; \u0431\u0435\u043b\u043a\u0438 18.6 \u0433, \u0441\u043e\u043b\u044c 0.6 \u0433.<\/p>\n","protected":false},"featured_media":2138,"template":"","meta":[],"product_brand":[],"product_cat":[15],"product_tag":[],"class_list":{"0":"post-2137","1":"product","2":"type-product","3":"status-publish","4":"has-post-thumbnail","6":"product_cat-kategoriseerimata","7":"align-center","8":"box-shadow-3","9":"box-shadow-1-hover","10":"ast-product-gallery-layout-horizontal","11":"ast-qv-on-image","13":"first","14":"outofstock","15":"taxable","16":"shipping-taxable","17":"purchasable","18":"product-type-simple"},"yoast_head":"<!-- This site is optimized with the Yoast SEO plugin v27.6 - https:\/\/yoast.com\/product\/yoast-seo-wordpress\/ -->\n<title>Noor suitsuangerjas Holland Style, 100-200 gr - Viiratsi Angerjafarm<\/title>\n<meta name=\"robots\" content=\"index, follow, max-snippet:-1, max-image-preview:large, max-video-preview:-1\" \/>\n<link rel=\"canonical\" href=\"https:\/\/angerjad.ee\/et\/angerjas\/noor-suitsuangerjas-holland-style-100-200-gr\/\" \/>\n<meta property=\"og:locale\" content=\"et_EE\" \/>\n<meta property=\"og:type\" content=\"article\" \/>\n<meta property=\"og:title\" content=\"Noor suitsuangerjas Holland Style, 100-200 gr - Viiratsi Angerjafarm\" \/>\n<meta property=\"og:description\" content=\"Noor suitsuangerjas on valmib meie oma angerjafarmis kasvanud v\u00e4rskest angerjast. K\u00f5ik Viiratsi Angerjafarmi tooted valmivad k\u00e4sit\u00f6\u00f6na meie kohalikus farmi k\u00f6\u00f6gis meie hoolsa pilgu all, nii saam pakkuda Teile k\u00f5rget \u00a0ja \u00fchtlast kvaliteeti. M\u00f5nusalt mahlane, maheda koduse maitsega suitsuangerjas sisaldab ainult nii v\u00e4he kui parima maitse tagamiseks vajalik. See Viiratsi Angerjafarmi toode on E-ainete, maitsetugevdajate ja s\u00e4ilitusainete vaba! Meie v\u00e4rske suitsutatud angerja maksimaalne soolasisaldus on 1,5%. NB! Suitsuangerjat m\u00fc\u00fcme tervete kaladena!\u00a0Noore suitsuangerja keskmine kaal on 100-200 grammi. See toode on m\u00fc\u00fcgis t\u00fcki kaupa ja toote kaalu ei saa valida, vaid kala kaal on juhuslik vahemikus 100-200 grammi. Tellitud kauba eest \u00a0saab tasuda meie poolt eraldi saadetud arve alusel enne kauba v\u00e4ljastamist. EE: Koostis: angerjas (anguilla anguilla), kasvatatud Eestis, keedusool (max 1.5%). S\u00e4ilitada temperatuuril +2 kuni +6\u00b0C. K\u00f5lblik kuni: vt pakendilt. Toitumisalane teave 100g: energiasisaldus \u2013 1373.2 kJ 328 kcal, rasvad 27.8 g, millest k\u00fcllastunud rasvhapped 0 g, s\u00fcsivesikud 0 g, millest: suhkrud 0 g, valgud 18.6 g, sool 0.6g. EN: Ingredients: eel (Anguilla anguilla), farmed in Estonia, salt (max 1.5%). Store at temperature +2\u2026+6 \u00b0C. Best before: see packaging. Nutrition information per 100g: energy 1373.2kJ\/328kcal, fats 27.8 g of which saturated fatty acids 0 g, carbohydrates 0 g, whereof sugars 0 g, proteins 18.6 g, salt 0.6g. RU:\u00a0\u0418\u043d\u0433\u0440\u0435\u0434\u0438\u0435\u043d\u0442\u044b:\u00a0\u0443\u0433\u043e\u0440\u044c,\u00a0\u0432\u044b\u0440\u0430\u0449\u0435\u043d\u043d\u044b\u0439 \u0432 \u042d\u0441\u0442\u043e\u043d\u0438\u0438\u00a0(anguilla anguilla),\u00a0\u043f\u043e\u0432\u0430\u0440\u0435\u043d\u043d\u0430\u044f \u0441\u043e\u043b\u044c\u00a0(\u043c\u0430\u043a\u0441.\u00a01,5%). \u0425\u0440\u0430\u043d\u0438\u0442\u044c \u043f\u0440\u0438 \u0442\u0435\u043c\u043f\u0435\u0440\u0430\u0442\u0443\u0440\u0435 2\u2026+6\u00b0\u0421. \u0421\u0440\u043e\u043a \u0433\u043e\u0434\u043d\u043e\u0441\u0442\u0438: \u0441\u043c. \u043d\u0430 \u0431\u0430\u043d\u043a\u0435. \u041f\u0438\u0449\u0435\u0432\u0430\u044f \u0446\u0435\u043d\u043d\u043e\u0441\u0442\u044c \u043d\u0430 100 \u0433.: \u044d\u043d\u0435\u0440\u0433\u0435\u0442\u0438\u0447\u0435\u0441\u043a\u0430\u044f \u0446\u0435\u043d\u043d\u043e\u0441\u0442\u044c 1373.2 \u043a\u0414\u0436\/328 \u043a\u043a\u0430\u043b, \u0436\u0438\u0440\u044b 27.8 \u0433, \u0438\u0437 \u043a\u043e\u0442\u043e\u0440\u044b\u0445 \u043d\u0430\u0441\u044b\u0449\u0435\u043d\u043d\u044b\u0435 \u0436\u0438\u0440\u043d\u044b\u0435 \u043a\u0438\u0441\u043b\u043e\u0442\u044b 0 \u0433; \u0443\u0433\u043b\u0435\u0432\u043e\u0434\u044b 0 \u0433, \u0438\u0437 \u043a\u043e\u0442\u043e\u0440\u044b\u0445 \u0441\u0430\u0445\u0430\u0440\u0430 0 \u0433; \u0431\u0435\u043b\u043a\u0438 18.6 \u0433, \u0441\u043e\u043b\u044c 0.6 \u0433.\" \/>\n<meta property=\"og:url\" content=\"https:\/\/angerjad.ee\/et\/angerjas\/noor-suitsuangerjas-holland-style-100-200-gr\/\" \/>\n<meta property=\"og:site_name\" content=\"Viiratsi Angerjafarm\" \/>\n<meta property=\"article:publisher\" content=\"https:\/\/www.facebook.com\/angerjafarm\" \/>\n<meta property=\"article:modified_time\" content=\"2026-04-09T11:28:40+00:00\" \/>\n<meta property=\"og:image\" content=\"https:\/\/angerjad.ee\/wp-content\/uploads\/DSC_0168-scaled.jpg\" \/>\n\t<meta property=\"og:image:width\" content=\"2560\" \/>\n\t<meta property=\"og:image:height\" content=\"1708\" \/>\n\t<meta property=\"og:image:type\" content=\"image\/jpeg\" \/>\n<meta name=\"twitter:card\" content=\"summary_large_image\" \/>\n<script type=\"application\/ld+json\" class=\"yoast-schema-graph\">{\"@context\":\"https:\\\/\\\/schema.org\",\"@graph\":[{\"@type\":\"WebPage\",\"@id\":\"https:\\\/\\\/angerjad.ee\\\/angerjas\\\/noor-suitsuangerjas-holland-style-100-200-gr\\\/\",\"url\":\"https:\\\/\\\/angerjad.ee\\\/angerjas\\\/noor-suitsuangerjas-holland-style-100-200-gr\\\/\",\"name\":\"Noor suitsuangerjas Holland Style, 100-200 gr - Viiratsi Angerjafarm\",\"isPartOf\":{\"@id\":\"https:\\\/\\\/angerjad.ee\\\/#website\"},\"primaryImageOfPage\":{\"@id\":\"https:\\\/\\\/angerjad.ee\\\/angerjas\\\/noor-suitsuangerjas-holland-style-100-200-gr\\\/#primaryimage\"},\"image\":{\"@id\":\"https:\\\/\\\/angerjad.ee\\\/angerjas\\\/noor-suitsuangerjas-holland-style-100-200-gr\\\/#primaryimage\"},\"thumbnailUrl\":\"https:\\\/\\\/angerjad.ee\\\/wp-content\\\/uploads\\\/DSC_0168-scaled.jpg\",\"datePublished\":\"2025-04-07T15:17:43+00:00\",\"dateModified\":\"2026-04-09T11:28:40+00:00\",\"breadcrumb\":{\"@id\":\"https:\\\/\\\/angerjad.ee\\\/angerjas\\\/noor-suitsuangerjas-holland-style-100-200-gr\\\/#breadcrumb\"},\"inLanguage\":\"et\",\"potentialAction\":[{\"@type\":\"ReadAction\",\"target\":[\"https:\\\/\\\/angerjad.ee\\\/angerjas\\\/noor-suitsuangerjas-holland-style-100-200-gr\\\/\"]}]},{\"@type\":\"ImageObject\",\"inLanguage\":\"et\",\"@id\":\"https:\\\/\\\/angerjad.ee\\\/angerjas\\\/noor-suitsuangerjas-holland-style-100-200-gr\\\/#primaryimage\",\"url\":\"https:\\\/\\\/angerjad.ee\\\/wp-content\\\/uploads\\\/DSC_0168-scaled.jpg\",\"contentUrl\":\"https:\\\/\\\/angerjad.ee\\\/wp-content\\\/uploads\\\/DSC_0168-scaled.jpg\",\"width\":2560,\"height\":1708},{\"@type\":\"BreadcrumbList\",\"@id\":\"https:\\\/\\\/angerjad.ee\\\/angerjas\\\/noor-suitsuangerjas-holland-style-100-200-gr\\\/#breadcrumb\",\"itemListElement\":[{\"@type\":\"ListItem\",\"position\":1,\"name\":\"Home\",\"item\":\"https:\\\/\\\/angerjad.ee\\\/\"},{\"@type\":\"ListItem\",\"position\":2,\"name\":\"Telli v\u00e4rsked angerjatooted!\",\"item\":\"https:\\\/\\\/angerjad.ee\\\/\"},{\"@type\":\"ListItem\",\"position\":3,\"name\":\"Noor suitsuangerjas Holland Style, 100-200 gr\"}]},{\"@type\":\"WebSite\",\"@id\":\"https:\\\/\\\/angerjad.ee\\\/#website\",\"url\":\"https:\\\/\\\/angerjad.ee\\\/\",\"name\":\"Viiratsi Angerjafarm\",\"description\":\"V\u00e4rsked angerjad l\u00e4bi aasta!\",\"publisher\":{\"@id\":\"https:\\\/\\\/angerjad.ee\\\/#organization\"},\"potentialAction\":[{\"@type\":\"SearchAction\",\"target\":{\"@type\":\"EntryPoint\",\"urlTemplate\":\"https:\\\/\\\/angerjad.ee\\\/?s={search_term_string}\"},\"query-input\":{\"@type\":\"PropertyValueSpecification\",\"valueRequired\":true,\"valueName\":\"search_term_string\"}}],\"inLanguage\":\"et\"},{\"@type\":\"Organization\",\"@id\":\"https:\\\/\\\/angerjad.ee\\\/#organization\",\"name\":\"Viiratsi Angerjafarm\",\"url\":\"https:\\\/\\\/angerjad.ee\\\/\",\"logo\":{\"@type\":\"ImageObject\",\"inLanguage\":\"et\",\"@id\":\"https:\\\/\\\/angerjad.ee\\\/#\\\/schema\\\/logo\\\/image\\\/\",\"url\":\"\",\"contentUrl\":\"\",\"caption\":\"Viiratsi Angerjafarm\"},\"image\":{\"@id\":\"https:\\\/\\\/angerjad.ee\\\/#\\\/schema\\\/logo\\\/image\\\/\"},\"sameAs\":[\"https:\\\/\\\/www.facebook.com\\\/angerjafarm\"]}]}<\/script>\n<!-- \/ Yoast SEO plugin. -->","yoast_head_json":{"title":"Noor suitsuangerjas Holland Style, 100-200 gr - Viiratsi Angerjafarm","robots":{"index":"index","follow":"follow","max-snippet":"max-snippet:-1","max-image-preview":"max-image-preview:large","max-video-preview":"max-video-preview:-1"},"canonical":"https:\/\/angerjad.ee\/et\/angerjas\/noor-suitsuangerjas-holland-style-100-200-gr\/","og_locale":"et_EE","og_type":"article","og_title":"Noor suitsuangerjas Holland Style, 100-200 gr - Viiratsi Angerjafarm","og_description":"Noor suitsuangerjas on valmib meie oma angerjafarmis kasvanud v\u00e4rskest angerjast. K\u00f5ik Viiratsi Angerjafarmi tooted valmivad k\u00e4sit\u00f6\u00f6na meie kohalikus farmi k\u00f6\u00f6gis meie hoolsa pilgu all, nii saam pakkuda Teile k\u00f5rget \u00a0ja \u00fchtlast kvaliteeti. M\u00f5nusalt mahlane, maheda koduse maitsega suitsuangerjas sisaldab ainult nii v\u00e4he kui parima maitse tagamiseks vajalik. See Viiratsi Angerjafarmi toode on E-ainete, maitsetugevdajate ja s\u00e4ilitusainete vaba! Meie v\u00e4rske suitsutatud angerja maksimaalne soolasisaldus on 1,5%. NB! Suitsuangerjat m\u00fc\u00fcme tervete kaladena!\u00a0Noore suitsuangerja keskmine kaal on 100-200 grammi. See toode on m\u00fc\u00fcgis t\u00fcki kaupa ja toote kaalu ei saa valida, vaid kala kaal on juhuslik vahemikus 100-200 grammi. Tellitud kauba eest \u00a0saab tasuda meie poolt eraldi saadetud arve alusel enne kauba v\u00e4ljastamist. EE: Koostis: angerjas (anguilla anguilla), kasvatatud Eestis, keedusool (max 1.5%). S\u00e4ilitada temperatuuril +2 kuni +6\u00b0C. K\u00f5lblik kuni: vt pakendilt. Toitumisalane teave 100g: energiasisaldus \u2013 1373.2 kJ 328 kcal, rasvad 27.8 g, millest k\u00fcllastunud rasvhapped 0 g, s\u00fcsivesikud 0 g, millest: suhkrud 0 g, valgud 18.6 g, sool 0.6g. EN: Ingredients: eel (Anguilla anguilla), farmed in Estonia, salt (max 1.5%). Store at temperature +2\u2026+6 \u00b0C. Best before: see packaging. Nutrition information per 100g: energy 1373.2kJ\/328kcal, fats 27.8 g of which saturated fatty acids 0 g, carbohydrates 0 g, whereof sugars 0 g, proteins 18.6 g, salt 0.6g. RU:\u00a0\u0418\u043d\u0433\u0440\u0435\u0434\u0438\u0435\u043d\u0442\u044b:\u00a0\u0443\u0433\u043e\u0440\u044c,\u00a0\u0432\u044b\u0440\u0430\u0449\u0435\u043d\u043d\u044b\u0439 \u0432 \u042d\u0441\u0442\u043e\u043d\u0438\u0438\u00a0(anguilla anguilla),\u00a0\u043f\u043e\u0432\u0430\u0440\u0435\u043d\u043d\u0430\u044f \u0441\u043e\u043b\u044c\u00a0(\u043c\u0430\u043a\u0441.\u00a01,5%). \u0425\u0440\u0430\u043d\u0438\u0442\u044c \u043f\u0440\u0438 \u0442\u0435\u043c\u043f\u0435\u0440\u0430\u0442\u0443\u0440\u0435 2\u2026+6\u00b0\u0421. \u0421\u0440\u043e\u043a \u0433\u043e\u0434\u043d\u043e\u0441\u0442\u0438: \u0441\u043c. \u043d\u0430 \u0431\u0430\u043d\u043a\u0435. \u041f\u0438\u0449\u0435\u0432\u0430\u044f \u0446\u0435\u043d\u043d\u043e\u0441\u0442\u044c \u043d\u0430 100 \u0433.: \u044d\u043d\u0435\u0440\u0433\u0435\u0442\u0438\u0447\u0435\u0441\u043a\u0430\u044f \u0446\u0435\u043d\u043d\u043e\u0441\u0442\u044c 1373.2 \u043a\u0414\u0436\/328 \u043a\u043a\u0430\u043b, \u0436\u0438\u0440\u044b 27.8 \u0433, \u0438\u0437 \u043a\u043e\u0442\u043e\u0440\u044b\u0445 \u043d\u0430\u0441\u044b\u0449\u0435\u043d\u043d\u044b\u0435 \u0436\u0438\u0440\u043d\u044b\u0435 \u043a\u0438\u0441\u043b\u043e\u0442\u044b 0 \u0433; \u0443\u0433\u043b\u0435\u0432\u043e\u0434\u044b 0 \u0433, \u0438\u0437 \u043a\u043e\u0442\u043e\u0440\u044b\u0445 \u0441\u0430\u0445\u0430\u0440\u0430 0 \u0433; \u0431\u0435\u043b\u043a\u0438 18.6 \u0433, \u0441\u043e\u043b\u044c 0.6 \u0433.","og_url":"https:\/\/angerjad.ee\/et\/angerjas\/noor-suitsuangerjas-holland-style-100-200-gr\/","og_site_name":"Viiratsi Angerjafarm","article_publisher":"https:\/\/www.facebook.com\/angerjafarm","article_modified_time":"2026-04-09T11:28:40+00:00","og_image":[{"width":2560,"height":1708,"url":"https:\/\/angerjad.ee\/wp-content\/uploads\/DSC_0168-scaled.jpg","type":"image\/jpeg"}],"twitter_card":"summary_large_image","schema":{"@context":"https:\/\/schema.org","@graph":[{"@type":"WebPage","@id":"https:\/\/angerjad.ee\/angerjas\/noor-suitsuangerjas-holland-style-100-200-gr\/","url":"https:\/\/angerjad.ee\/angerjas\/noor-suitsuangerjas-holland-style-100-200-gr\/","name":"Noor suitsuangerjas Holland Style, 100-200 gr - Viiratsi Angerjafarm","isPartOf":{"@id":"https:\/\/angerjad.ee\/#website"},"primaryImageOfPage":{"@id":"https:\/\/angerjad.ee\/angerjas\/noor-suitsuangerjas-holland-style-100-200-gr\/#primaryimage"},"image":{"@id":"https:\/\/angerjad.ee\/angerjas\/noor-suitsuangerjas-holland-style-100-200-gr\/#primaryimage"},"thumbnailUrl":"https:\/\/angerjad.ee\/wp-content\/uploads\/DSC_0168-scaled.jpg","datePublished":"2025-04-07T15:17:43+00:00","dateModified":"2026-04-09T11:28:40+00:00","breadcrumb":{"@id":"https:\/\/angerjad.ee\/angerjas\/noor-suitsuangerjas-holland-style-100-200-gr\/#breadcrumb"},"inLanguage":"et","potentialAction":[{"@type":"ReadAction","target":["https:\/\/angerjad.ee\/angerjas\/noor-suitsuangerjas-holland-style-100-200-gr\/"]}]},{"@type":"ImageObject","inLanguage":"et","@id":"https:\/\/angerjad.ee\/angerjas\/noor-suitsuangerjas-holland-style-100-200-gr\/#primaryimage","url":"https:\/\/angerjad.ee\/wp-content\/uploads\/DSC_0168-scaled.jpg","contentUrl":"https:\/\/angerjad.ee\/wp-content\/uploads\/DSC_0168-scaled.jpg","width":2560,"height":1708},{"@type":"BreadcrumbList","@id":"https:\/\/angerjad.ee\/angerjas\/noor-suitsuangerjas-holland-style-100-200-gr\/#breadcrumb","itemListElement":[{"@type":"ListItem","position":1,"name":"Home","item":"https:\/\/angerjad.ee\/"},{"@type":"ListItem","position":2,"name":"Telli v\u00e4rsked angerjatooted!","item":"https:\/\/angerjad.ee\/"},{"@type":"ListItem","position":3,"name":"Noor suitsuangerjas Holland Style, 100-200 gr"}]},{"@type":"WebSite","@id":"https:\/\/angerjad.ee\/#website","url":"https:\/\/angerjad.ee\/","name":"Viiratsi Angerjafarm","description":"V\u00e4rsked angerjad l\u00e4bi aasta!","publisher":{"@id":"https:\/\/angerjad.ee\/#organization"},"potentialAction":[{"@type":"SearchAction","target":{"@type":"EntryPoint","urlTemplate":"https:\/\/angerjad.ee\/?s={search_term_string}"},"query-input":{"@type":"PropertyValueSpecification","valueRequired":true,"valueName":"search_term_string"}}],"inLanguage":"et"},{"@type":"Organization","@id":"https:\/\/angerjad.ee\/#organization","name":"Viiratsi Angerjafarm","url":"https:\/\/angerjad.ee\/","logo":{"@type":"ImageObject","inLanguage":"et","@id":"https:\/\/angerjad.ee\/#\/schema\/logo\/image\/","url":"","contentUrl":"","caption":"Viiratsi Angerjafarm"},"image":{"@id":"https:\/\/angerjad.ee\/#\/schema\/logo\/image\/"},"sameAs":["https:\/\/www.facebook.com\/angerjafarm"]}]}},"_links":{"self":[{"href":"https:\/\/angerjad.ee\/et\/wp-json\/wp\/v2\/product\/2137","targetHints":{"allow":["GET"]}}],"collection":[{"href":"https:\/\/angerjad.ee\/et\/wp-json\/wp\/v2\/product"}],"about":[{"href":"https:\/\/angerjad.ee\/et\/wp-json\/wp\/v2\/types\/product"}],"wp:featuredmedia":[{"embeddable":true,"href":"https:\/\/angerjad.ee\/et\/wp-json\/wp\/v2\/media\/2138"}],"wp:attachment":[{"href":"https:\/\/angerjad.ee\/et\/wp-json\/wp\/v2\/media?parent=2137"}],"wp:term":[{"taxonomy":"product_brand","embeddable":true,"href":"https:\/\/angerjad.ee\/et\/wp-json\/wp\/v2\/product_brand?post=2137"},{"taxonomy":"product_cat","embeddable":true,"href":"https:\/\/angerjad.ee\/et\/wp-json\/wp\/v2\/product_cat?post=2137"},{"taxonomy":"product_tag","embeddable":true,"href":"https:\/\/angerjad.ee\/et\/wp-json\/wp\/v2\/product_tag?post=2137"}],"curies":[{"name":"wp","href":"https:\/\/api.w.org\/{rel}","templated":true}]}}