{"id":340,"date":"2020-03-12T18:15:42","date_gmt":"2020-03-12T16:15:42","guid":{"rendered":"https:\/\/angerjad.ee\/2r3ndu5\/?post_type=product&#038;p=340"},"modified":"2026-04-09T14:35:39","modified_gmt":"2026-04-09T11:35:39","slug":"varske-angerjas","status":"publish","type":"product","link":"https:\/\/angerjad.ee\/et\/angerjas\/varske-angerjas\/","title":{"rendered":"V\u00e4rske angerjas, 500g"},"content":{"rendered":"","protected":false},"excerpt":{"rendered":"<p><strong>NB! kala keskmine kaal on 700g<\/strong><\/p>\n<p>Angerjas on meie oma angerjafarmis hoole ja armastusega kasvatatud. See on k\u00f5ige v\u00e4rskem angerjas, mida Eestist on v\u00f5imalik leida, sest hoiustame v\u00e4rskeid angerjaid kuni saatmisena elus kaladena.<\/p>\n<p><strong><em>T\u00e4helepanu!<\/em><\/strong><br \/>\n<em>Et angerjad oleksid teieni j\u00f5udes v\u00f5imalikult v\u00e4rsked, kaalume kalad tellimuse kokku panemisel elusana. Sellest tulenevalt on tellimusel v\u00e4ike kaalukadu, sest kaladest v\u00e4ljub transpordi k\u00e4igus mingil m\u00e4\u00e4ral vedelikku.<br \/>\n<\/em><\/p>\n<hr \/>\n<h6><strong>NB!<\/strong><\/h6>\n<h6><strong>V\u00e4rsket angerjat m\u00fc\u00fcme tervete kaladena! <\/strong><strong>Keskmine \u00fche kala kaal on 650g.<\/strong><\/h6>\n<p><strong>Anname endast parima, et tellimuse kaal oleks v\u00f5imalikult l\u00e4hedane teie soovile, kuid l\u00f5plik kaal v\u00f5ib siiski teie tellimusest natuke erineda.<\/strong><\/p>\n<h6><strong>L\u00f5plik kaal selgub peale tellimuse komplekteerimist ja kalade kaalumist ning on n\u00e4ha meie poolt saadetud arvel enne selle tasumist.<\/strong><\/h6>\n<hr \/>\n<p><strong><b>Koostisosad: v\u00e4rske angerjas\u00a0<\/b>(kasvatatud Eestis).<br \/>\nToitumisalane teave 100 grammi kohta:<\/strong><\/p>\n<p style=\"font-weight: 400;\">energiasisaldus 1373,3kJ \/ 328kcal<\/p>\n<p style=\"font-weight: 400;\">rasvad 27,8 g<\/p>\n<p style=\"font-weight: 400;\">s\u00fcsivesikud 0 g<\/p>\n<p style=\"font-weight: 400;\">valgud 18,6 g<\/p>\n<p><em>S\u00e4ilitamine temperatuuril +2 kuni +6 \u00b0C.<\/em><\/p>\n<p>&nbsp;<\/p>\n","protected":false},"featured_media":607,"template":"","meta":[],"product_cat":[41,46],"product_tag":[16,18],"yoast_head":"<!-- This site is optimized with the Yoast SEO plugin v19.9 - https:\/\/yoast.com\/wordpress\/plugins\/seo\/ -->\n<title>Angerjas, v\u00e4rske ja otse kasvatajalt, 500g - Viiratsi Angerjafarm<\/title>\n<meta name=\"description\" content=\"Angerjas, mis kasvanud hoole ja armastusega meie oma farmis. K\u00f5ige v\u00e4rskem angerjas, mida Eestist on v\u00f5imalik leida, sest hoiustame v\u00e4rsket kala elusalt.\" \/>\n<meta name=\"robots\" content=\"index, follow, max-snippet:-1, max-image-preview:large, max-video-preview:-1\" \/>\n<link rel=\"canonical\" href=\"https:\/\/angerjad.ee\/et\/angerjas\/varske-angerjas\/\" \/>\n<meta property=\"og:locale\" content=\"et_EE\" \/>\n<meta property=\"og:type\" content=\"article\" \/>\n<meta property=\"og:title\" content=\"Angerjas, v\u00e4rske ja otse kasvatajalt, 500g - Viiratsi Angerjafarm\" \/>\n<meta property=\"og:description\" content=\"Angerjas, mis kasvanud hoole ja armastusega meie oma farmis. K\u00f5ige v\u00e4rskem angerjas, mida Eestist on v\u00f5imalik leida, sest hoiustame v\u00e4rsket kala elusalt.\" \/>\n<meta property=\"og:url\" content=\"https:\/\/angerjad.ee\/et\/angerjas\/varske-angerjas\/\" \/>\n<meta property=\"og:site_name\" content=\"Viiratsi Angerjafarm\" \/>\n<meta property=\"article:publisher\" content=\"https:\/\/www.facebook.com\/angerjafarm\" \/>\n<meta property=\"article:modified_time\" content=\"2026-04-09T11:35:39+00:00\" \/>\n<meta property=\"og:image\" content=\"https:\/\/angerjad.ee\/wp-content\/uploads\/angerjas-varske-viiratsi.png\" \/>\n\t<meta property=\"og:image:width\" content=\"800\" \/>\n\t<meta property=\"og:image:height\" content=\"800\" \/>\n\t<meta property=\"og:image:type\" content=\"image\/png\" \/>\n<meta name=\"twitter:card\" content=\"summary_large_image\" \/>\n<script type=\"application\/ld+json\" class=\"yoast-schema-graph\">{\"@context\":\"https:\/\/schema.org\",\"@graph\":[{\"@type\":\"WebPage\",\"@id\":\"https:\/\/angerjad.ee\/angerjas\/varske-angerjas\/\",\"url\":\"https:\/\/angerjad.ee\/angerjas\/varske-angerjas\/\",\"name\":\"Angerjas, v\u00e4rske ja otse kasvatajalt, 500g - Viiratsi Angerjafarm\",\"isPartOf\":{\"@id\":\"https:\/\/angerjad.ee\/#website\"},\"datePublished\":\"2020-03-12T16:15:42+00:00\",\"dateModified\":\"2026-04-09T11:35:39+00:00\",\"description\":\"Angerjas, mis kasvanud hoole ja armastusega meie oma farmis. K\u00f5ige v\u00e4rskem angerjas, mida Eestist on v\u00f5imalik leida, sest hoiustame v\u00e4rsket kala elusalt.\",\"breadcrumb\":{\"@id\":\"https:\/\/angerjad.ee\/angerjas\/varske-angerjas\/#breadcrumb\"},\"inLanguage\":\"et\",\"potentialAction\":[{\"@type\":\"ReadAction\",\"target\":[\"https:\/\/angerjad.ee\/angerjas\/varske-angerjas\/\"]}]},{\"@type\":\"BreadcrumbList\",\"@id\":\"https:\/\/angerjad.ee\/angerjas\/varske-angerjas\/#breadcrumb\",\"itemListElement\":[{\"@type\":\"ListItem\",\"position\":1,\"name\":\"Home\",\"item\":\"https:\/\/angerjad.ee\/\"},{\"@type\":\"ListItem\",\"position\":2,\"name\":\"Telli v\u00e4rsked angerjatooted!\",\"item\":\"https:\/\/angerjad.ee\/\"},{\"@type\":\"ListItem\",\"position\":3,\"name\":\"V\u00e4rske angerjas, 500g\"}]},{\"@type\":\"WebSite\",\"@id\":\"https:\/\/angerjad.ee\/#website\",\"url\":\"https:\/\/angerjad.ee\/\",\"name\":\"Viiratsi Angerjafarm\",\"description\":\"V\u00e4rsked angerjad l\u00e4bi aasta!\",\"publisher\":{\"@id\":\"https:\/\/angerjad.ee\/#organization\"},\"potentialAction\":[{\"@type\":\"SearchAction\",\"target\":{\"@type\":\"EntryPoint\",\"urlTemplate\":\"https:\/\/angerjad.ee\/?s={search_term_string}\"},\"query-input\":\"required name=search_term_string\"}],\"inLanguage\":\"et\"},{\"@type\":\"Organization\",\"@id\":\"https:\/\/angerjad.ee\/#organization\",\"name\":\"Viiratsi Angerjafarm\",\"url\":\"https:\/\/angerjad.ee\/\",\"logo\":{\"@type\":\"ImageObject\",\"inLanguage\":\"et\",\"@id\":\"https:\/\/angerjad.ee\/#\/schema\/logo\/image\/\",\"url\":\"\",\"contentUrl\":\"\",\"caption\":\"Viiratsi Angerjafarm\"},\"image\":{\"@id\":\"https:\/\/angerjad.ee\/#\/schema\/logo\/image\/\"},\"sameAs\":[\"https:\/\/www.facebook.com\/angerjafarm\"]}]}<\/script>\n<!-- \/ Yoast SEO plugin. -->","yoast_head_json":{"title":"Angerjas, v\u00e4rske ja otse kasvatajalt, 500g - Viiratsi Angerjafarm","description":"Angerjas, mis kasvanud hoole ja armastusega meie oma farmis. K\u00f5ige v\u00e4rskem angerjas, mida Eestist on v\u00f5imalik leida, sest hoiustame v\u00e4rsket kala elusalt.","robots":{"index":"index","follow":"follow","max-snippet":"max-snippet:-1","max-image-preview":"max-image-preview:large","max-video-preview":"max-video-preview:-1"},"canonical":"https:\/\/angerjad.ee\/et\/angerjas\/varske-angerjas\/","og_locale":"et_EE","og_type":"article","og_title":"Angerjas, v\u00e4rske ja otse kasvatajalt, 500g - Viiratsi Angerjafarm","og_description":"Angerjas, mis kasvanud hoole ja armastusega meie oma farmis. K\u00f5ige v\u00e4rskem angerjas, mida Eestist on v\u00f5imalik leida, sest hoiustame v\u00e4rsket kala elusalt.","og_url":"https:\/\/angerjad.ee\/et\/angerjas\/varske-angerjas\/","og_site_name":"Viiratsi Angerjafarm","article_publisher":"https:\/\/www.facebook.com\/angerjafarm","article_modified_time":"2026-04-09T11:35:39+00:00","og_image":[{"width":800,"height":800,"url":"https:\/\/angerjad.ee\/wp-content\/uploads\/angerjas-varske-viiratsi.png","type":"image\/png"}],"twitter_card":"summary_large_image","schema":{"@context":"https:\/\/schema.org","@graph":[{"@type":"WebPage","@id":"https:\/\/angerjad.ee\/angerjas\/varske-angerjas\/","url":"https:\/\/angerjad.ee\/angerjas\/varske-angerjas\/","name":"Angerjas, v\u00e4rske ja otse kasvatajalt, 500g - Viiratsi Angerjafarm","isPartOf":{"@id":"https:\/\/angerjad.ee\/#website"},"datePublished":"2020-03-12T16:15:42+00:00","dateModified":"2026-04-09T11:35:39+00:00","description":"Angerjas, mis kasvanud hoole ja armastusega meie oma farmis. K\u00f5ige v\u00e4rskem angerjas, mida Eestist on v\u00f5imalik leida, sest hoiustame v\u00e4rsket kala elusalt.","breadcrumb":{"@id":"https:\/\/angerjad.ee\/angerjas\/varske-angerjas\/#breadcrumb"},"inLanguage":"et","potentialAction":[{"@type":"ReadAction","target":["https:\/\/angerjad.ee\/angerjas\/varske-angerjas\/"]}]},{"@type":"BreadcrumbList","@id":"https:\/\/angerjad.ee\/angerjas\/varske-angerjas\/#breadcrumb","itemListElement":[{"@type":"ListItem","position":1,"name":"Home","item":"https:\/\/angerjad.ee\/"},{"@type":"ListItem","position":2,"name":"Telli v\u00e4rsked angerjatooted!","item":"https:\/\/angerjad.ee\/"},{"@type":"ListItem","position":3,"name":"V\u00e4rske angerjas, 500g"}]},{"@type":"WebSite","@id":"https:\/\/angerjad.ee\/#website","url":"https:\/\/angerjad.ee\/","name":"Viiratsi Angerjafarm","description":"V\u00e4rsked angerjad l\u00e4bi aasta!","publisher":{"@id":"https:\/\/angerjad.ee\/#organization"},"potentialAction":[{"@type":"SearchAction","target":{"@type":"EntryPoint","urlTemplate":"https:\/\/angerjad.ee\/?s={search_term_string}"},"query-input":"required name=search_term_string"}],"inLanguage":"et"},{"@type":"Organization","@id":"https:\/\/angerjad.ee\/#organization","name":"Viiratsi Angerjafarm","url":"https:\/\/angerjad.ee\/","logo":{"@type":"ImageObject","inLanguage":"et","@id":"https:\/\/angerjad.ee\/#\/schema\/logo\/image\/","url":"","contentUrl":"","caption":"Viiratsi Angerjafarm"},"image":{"@id":"https:\/\/angerjad.ee\/#\/schema\/logo\/image\/"},"sameAs":["https:\/\/www.facebook.com\/angerjafarm"]}]}},"_links":{"self":[{"href":"https:\/\/angerjad.ee\/et\/wp-json\/wp\/v2\/product\/340"}],"collection":[{"href":"https:\/\/angerjad.ee\/et\/wp-json\/wp\/v2\/product"}],"about":[{"href":"https:\/\/angerjad.ee\/et\/wp-json\/wp\/v2\/types\/product"}],"wp:featuredmedia":[{"embeddable":true,"href":"https:\/\/angerjad.ee\/et\/wp-json\/wp\/v2\/media\/607"}],"wp:attachment":[{"href":"https:\/\/angerjad.ee\/et\/wp-json\/wp\/v2\/media?parent=340"}],"wp:term":[{"taxonomy":"product_cat","embeddable":true,"href":"https:\/\/angerjad.ee\/et\/wp-json\/wp\/v2\/product_cat?post=340"},{"taxonomy":"product_tag","embeddable":true,"href":"https:\/\/angerjad.ee\/et\/wp-json\/wp\/v2\/product_tag?post=340"}],"curies":[{"name":"wp","href":"https:\/\/api.w.org\/{rel}","templated":true}]}}